{"id":1628,"date":"2020-08-20T08:27:00","date_gmt":"2020-08-20T08:27:00","guid":{"rendered":"https:\/\/www.hotihoteis.com\/media\/press-release\/"},"modified":"2020-11-27T12:38:26","modified_gmt":"2020-11-27T12:38:26","slug":"press","status":"publish","type":"page","link":"https:\/\/www.hotihoteis.com\/pt-pt\/profissionais\/press\/","title":{"rendered":"Press"},"content":{"rendered":"<p>[vc_row css=&#8221;.vc_custom_1600165364552{padding-right: 0px !important;padding-left: 0px !important;}&#8221;][vc_column css=&#8221;.vc_custom_1600165368586{padding-right: 0px !important;padding-left: 0px !important;}&#8221;]<section class='press-section container'><ul class='press-list row'><li class='press-item col-md-6 col-lg-4'><div class='wrapper'><div class='img-bg' style='background-image: url(https:\/\/www.hotihoteis.com\/wp-content\/uploads\/2020\/11\/1_HM_photos-500x333.jpg)'><\/div><figure class='image-wrapper' hidden><img class='media-image' src='https:\/\/www.hotihoteis.com\/wp-content\/uploads\/2020\/11\/1_HM_photos-500x333.jpg' alt='' title='1_HM_photos'><\/figure><div class='description-wrapper'><div class='text-wrapper'><h3 class='title'>Hotel da M\u00fasica Porto<\/h3><small class='subtitle'>Porto<\/small><\/div><div class='icon-wrapper'><ul class='icon-list'><a href='https:\/\/www.hotihoteis.com\/wp-content\/uploads\/2024\/10\/PressKit-Hotel-da-Musica-HotiHoteis.pdf' target='_blank'><li class='icon-list-item'><i class='icon far fa-draw-square'><\/i><span class='legend'>Press Kit<\/span><\/li><\/a><a href='https:\/\/www.hotihoteis.com\/pt-pt\/fotos-hotel-da-musica\/' target='_blank'><li class='icon-list-item'><i class='icon far fa-camera-alt'><\/i><span class='legend'>Fotos<\/span><\/li><\/a><a href='https:\/\/www.instagram.com\/hoteldamusica\/' target=''><li class='icon-list-item'><i class='icon far fab fa-instagram'><\/i><span class='legend'>Instagram<\/span><\/li><\/a><a href='https:\/\/www.facebook.com\/HoteldaMusica' target=''><li class='icon-list-item'><i class='icon far fab fa-facebook'><\/i><span class='legend'>Facebook<\/span><\/li><\/a><\/ul><\/div><\/div><\/div><\/li><li class='press-item col-md-6 col-lg-4'><div class='wrapper'><div class='img-bg' style='background-image: url(https:\/\/www.hotihoteis.com\/wp-content\/uploads\/2020\/11\/DS5_0868-500x332.jpg)'><\/div><figure class='image-wrapper' hidden><img class='media-image' src='https:\/\/www.hotihoteis.com\/wp-content\/uploads\/2020\/11\/DS5_0868-500x332.jpg' alt='' title='DS5_0868'><\/figure><div class='description-wrapper'><div class='text-wrapper'><h3 class='title'>Star Inn Porto<\/h3><small class='subtitle'>Porto<\/small><\/div><div class='icon-wrapper'><ul class='icon-list'><a href='https:\/\/www.hotihoteis.com\/wp-content\/uploads\/2024\/10\/PressKit-Star-inn-Porto-HotiHoteis.pdf' target='_blank'><li class='icon-list-item'><i class='icon far fa-draw-square'><\/i><span class='legend'>Press Kit<\/span><\/li><\/a><a href='https:\/\/www.hotihoteis.com\/pt-pt\/fotos-star-inn-porto\/' target='_blank'><li class='icon-list-item'><i class='icon far fa-camera-alt'><\/i><span class='legend'>Fotos<\/span><\/li><\/a><a href='https:\/\/www.instagram.com\/starinn_porto\/' target=''><li class='icon-list-item'><i class='icon far fab fa-instagram'><\/i><span class='legend'>Instagram<\/span><\/li><\/a><a href='https:\/\/www.facebook.com\/StarInnPorto' target=''><li class='icon-list-item'><i class='icon far fab fa-facebook'><\/i><span class='legend'>Facebook<\/span><\/li><\/a><\/ul><\/div><\/div><\/div><\/li><li class='press-item col-md-6 col-lg-4'><div class='wrapper'><div class='img-bg' style='background-image: url(https:\/\/www.hotihoteis.com\/wp-content\/uploads\/2020\/11\/Fachada-8-500x333.jpg)'><\/div><figure class='image-wrapper' hidden><img class='media-image' src='https:\/\/www.hotihoteis.com\/wp-content\/uploads\/2020\/11\/Fachada-8-500x333.jpg' alt='' title='Fachada (8)'><\/figure><div class='description-wrapper'><div class='text-wrapper'><h3 class='title'>Star Inn Peniche<\/h3><small class='subtitle'>Peniche<\/small><\/div><div class='icon-wrapper'><ul class='icon-list'><a href='https:\/\/www.hotihoteis.com\/wp-content\/uploads\/2024\/10\/PressKit-Star-inn-Peniche-HotiHoteis.pdf' target='_blank'><li class='icon-list-item'><i class='icon far fa-draw-square'><\/i><span class='legend'>Press Kit<\/span><\/li><\/a><a href='https:\/\/www.hotihoteis.com\/pt-pt\/fotos-star-inn-peniche\/' target='_blank'><li class='icon-list-item'><i class='icon far fa-camera-alt'><\/i><span class='legend'>Fotos<\/span><\/li><\/a><a href='https:\/\/www.youtube.com\/watch?v=zVBk67IadTk&t=26s' target='_blank'><li class='icon-list-item'><i class='icon far fa-video'><\/i><span class='legend'>V\u00eddeo<\/span><\/li><\/a><a href='https:\/\/www.instagram.com\/starinn_peniche\/' target=''><li class='icon-list-item'><i class='icon far fab fa-instagram'><\/i><span class='legend'>Instagram<\/span><\/li><\/a><a href='https:\/\/www.facebook.com\/StarinnPeniche' target=''><li class='icon-list-item'><i class='icon far fab fa-facebook'><\/i><span class='legend'>Facebook<\/span><\/li><\/a><\/ul><\/div><\/div><\/div><\/li><li class='press-item col-md-6 col-lg-4'><div class='wrapper'><div class='img-bg' style='background-image: url(https:\/\/www.hotihoteis.com\/wp-content\/uploads\/2020\/11\/Star-Inn-Aeroporto-Fachada-1-500x333.jpg)'><\/div><figure class='image-wrapper' hidden><img class='media-image' src='https:\/\/www.hotihoteis.com\/wp-content\/uploads\/2020\/11\/Star-Inn-Aeroporto-Fachada-1-500x333.jpg' alt='' title='Star Inn Aeroporto-Fachada-1'><\/figure><div class='description-wrapper'><div class='text-wrapper'><h3 class='title'>Star Inn Lisbon<\/h3><small class='subtitle'>Lisboa<\/small><\/div><div class='icon-wrapper'><ul class='icon-list'><a href='https:\/\/www.hotihoteis.com\/wp-content\/uploads\/2024\/10\/PressKit-Star-inn-Lisbon-HotiHoteis-1.pdf' target='_blank'><li class='icon-list-item'><i class='icon far fa-draw-square'><\/i><span class='legend'>Press Kit<\/span><\/li><\/a><a href='https:\/\/www.hotihoteis.com\/photos-star-inn-lisboa\/' target='_blank'><li class='icon-list-item'><i class='icon far fa-camera-alt'><\/i><span class='legend'>Fotos<\/span><\/li><\/a><a href='https:\/\/www.youtube.com\/watch?v=nR1VX83KMKc' target=''><li class='icon-list-item'><i class='icon far fa-video'><\/i><span class='legend'>V\u00eddeo<\/span><\/li><\/a><a href='https:\/\/www.instagram.com\/starinnlisbon\/' target=''><li class='icon-list-item'><i class='icon far fab fa-instagram'><\/i><span class='legend'>Instagram<\/span><\/li><\/a><a href='https:\/\/www.facebook.com\/starinnlisbon' target=''><li class='icon-list-item'><i class='icon far fab fa-facebook'><\/i><span class='legend'>Facebook<\/span><\/li><\/a><\/ul><\/div><\/div><\/div><\/li><li class='press-item col-md-6 col-lg-4'><div class='wrapper'><div class='img-bg' style='background-image: url(https:\/\/www.hotihoteis.com\/wp-content\/uploads\/2023\/01\/Piscina-Exterior_1-360x200-1.jpg)'><\/div><figure class='image-wrapper' hidden><img class='media-image' src='https:\/\/www.hotihoteis.com\/wp-content\/uploads\/2023\/01\/Piscina-Exterior_1-360x200-1.jpg' alt='' title='Piscina Exterior_1 360&#215;200'><\/figure><div class='description-wrapper'><div class='text-wrapper'><h3 class='title'>Golden Residence Madeira<\/h3><small class='subtitle'>Funchal<\/small><\/div><div class='icon-wrapper'><ul class='icon-list'><a href='https:\/\/www.hotihoteis.com\/wp-content\/uploads\/2025\/10\/PressKit-Golden-Residence-Madeira-HotiHoteis.pdf' target='_blank'><li class='icon-list-item'><i class='icon far fa-draw-square'><\/i><span class='legend'>Press Kit<\/span><\/li><\/a><a href='https:\/\/www.hotihoteis.com\/pt-pt\/fotos-golden-residence\/' target='_blank'><li class='icon-list-item'><i class='icon far fa-camera-alt'><\/i><span class='legend'>Fotos<\/span><\/li><\/a><a href='https:\/\/www.instagram.com\/goldenresidencehotel\/' target=''><li class='icon-list-item'><i class='icon far fab fa-instagram'><\/i><span class='legend'>Instagram<\/span><\/li><\/a><a href='https:\/\/www.facebook.com\/hotelgoldenresidence' target=''><li class='icon-list-item'><i class='icon far fab fa-facebook'><\/i><span class='legend'>Facebook<\/span><\/li><\/a><\/ul><\/div><\/div><\/div><\/li><li class='press-item col-md-6 col-lg-4'><div class='wrapper'><div class='img-bg' style='background-image: url(https:\/\/www.hotihoteis.com\/wp-content\/uploads\/2025\/08\/msjm-2-380x380.png)'><\/div><figure class='image-wrapper' hidden><img class='media-image' src='https:\/\/www.hotihoteis.com\/wp-content\/uploads\/2025\/08\/msjm-2-380x380.png' alt='' title='msjm-2'><\/figure><div class='description-wrapper'><div class='text-wrapper'><h3 class='title'>Meli\u00e1 S\u00e3o Jo\u00e3o da Madeira<\/h3><small class='subtitle'>S\u00e3o Jo\u00e3o da Madeira<\/small><\/div><div class='icon-wrapper'><ul class='icon-list'><a href='https:\/\/www.hotihoteis.com\/wp-content\/uploads\/2025\/10\/PressKit-Melia-Sao-Joao-da-Madeira-HotiHoteis.pdf' target=''><li class='icon-list-item'><i class='icon far fa-draw-square'><\/i><span class='legend'>Press Kit<\/span><\/li><\/a><a href='https:\/\/www.hotihoteis.com\/pt-pt\/?page_id=31673&preview=true' target=''><li class='icon-list-item'><i class='icon far fa-camera-alt'><\/i><span class='legend'>Fotos<\/span><\/li><\/a><a href='https:\/\/www.instagram.com\/meliasaojoaodamadeira\/' target='_blank'><li class='icon-list-item'><i class='icon far fab fa-instagram'><\/i><span class='legend'>Instagram<\/span><\/li><\/a><a href='https:\/\/www.facebook.com\/meliasaojoaodamadeira' target='_blank'><li class='icon-list-item'><i class='icon far fab fa-facebook'><\/i><span class='legend'>Facebook<\/span><\/li><\/a><\/ul><\/div><\/div><\/div><\/li><\/ul><div class='loadmore-container'><button class='loadmore'>VER MAIS HOT\u00c9IS<i class='fal fa-ellipsis-h'><\/i><\/button><\/div><\/section><script>jQuery(function() {HotiHoteis.Page.loadMorePresses.Init();});<\/script>[\/vc_column][\/vc_row]<\/p>\n","protected":false},"excerpt":{"rendered":"<p>[vc_row css=&#8221;.vc_custom_1600165364552{padding-right: 0px !important;padding-left: 0px !important;}&#8221;][vc_column css=&#8221;.vc_custom_1600165368586{padding-right: 0px !important;padding-left: 0px !important;}&#8221;][\/vc_column][\/vc_row]<\/p>\n","protected":false},"author":2,"featured_media":0,"parent":1623,"menu_order":22,"comment_status":"closed","ping_status":"closed","template":"","meta":{"_acf_changed":false,"footnotes":""},"class_list":["post-1628","page","type-page","status-publish","hentry"],"acf":[],"yoast_head":"<!-- This site is optimized with the Yoast SEO plugin v27.3 - https:\/\/yoast.com\/product\/yoast-seo-wordpress\/ -->\n<title>Press - Hoti Hoteis<\/title>\n<meta name=\"robots\" content=\"index, follow, max-snippet:-1, max-image-preview:large, max-video-preview:-1\" \/>\n<link rel=\"canonical\" href=\"https:\/\/www.hotihoteis.com\/pt-pt\/profissionais\/press\/\" \/>\n<meta property=\"og:locale\" content=\"pt_PT\" \/>\n<meta property=\"og:type\" content=\"article\" \/>\n<meta property=\"og:title\" content=\"Press - Hoti Hoteis\" \/>\n<meta property=\"og:description\" content=\"[vc_row css=&#8221;.vc_custom_1600165364552{padding-right: 0px !important;padding-left: 0px !important;}&#8221;][vc_column css=&#8221;.vc_custom_1600165368586{padding-right: 0px !important;padding-left: 0px !important;}&#8221;][\/vc_column][\/vc_row]\" \/>\n<meta property=\"og:url\" content=\"https:\/\/www.hotihoteis.com\/pt-pt\/profissionais\/press\/\" \/>\n<meta property=\"og:site_name\" content=\"Hoti Hoteis\" \/>\n<meta property=\"article:modified_time\" content=\"2020-11-27T12:38:26+00:00\" \/>\n<meta name=\"twitter:card\" content=\"summary_large_image\" \/>\n<script type=\"application\/ld+json\" class=\"yoast-schema-graph\">{\"@context\":\"https:\\\/\\\/schema.org\",\"@graph\":[{\"@type\":\"WebPage\",\"@id\":\"https:\\\/\\\/www.hotihoteis.com\\\/pt-pt\\\/profissionais\\\/press\\\/\",\"url\":\"https:\\\/\\\/www.hotihoteis.com\\\/pt-pt\\\/profissionais\\\/press\\\/\",\"name\":\"Press - Hoti Hoteis\",\"isPartOf\":{\"@id\":\"https:\\\/\\\/www.hotihoteis.com\\\/pt-pt\\\/#website\"},\"datePublished\":\"2020-08-20T08:27:00+00:00\",\"dateModified\":\"2020-11-27T12:38:26+00:00\",\"breadcrumb\":{\"@id\":\"https:\\\/\\\/www.hotihoteis.com\\\/pt-pt\\\/profissionais\\\/press\\\/#breadcrumb\"},\"inLanguage\":\"pt-PT\",\"potentialAction\":[{\"@type\":\"ReadAction\",\"target\":[\"https:\\\/\\\/www.hotihoteis.com\\\/pt-pt\\\/profissionais\\\/press\\\/\"]}]},{\"@type\":\"BreadcrumbList\",\"@id\":\"https:\\\/\\\/www.hotihoteis.com\\\/pt-pt\\\/profissionais\\\/press\\\/#breadcrumb\",\"itemListElement\":[{\"@type\":\"ListItem\",\"position\":1,\"name\":\"Home\",\"item\":\"https:\\\/\\\/www.hotihoteis.com\\\/pt-pt\\\/\"},{\"@type\":\"ListItem\",\"position\":2,\"name\":\"Profissionais\",\"item\":\"https:\\\/\\\/www.hotihoteis.com\\\/pt-pt\\\/profissionais\\\/\"},{\"@type\":\"ListItem\",\"position\":3,\"name\":\"Press\"}]},{\"@type\":\"WebSite\",\"@id\":\"https:\\\/\\\/www.hotihoteis.com\\\/pt-pt\\\/#website\",\"url\":\"https:\\\/\\\/www.hotihoteis.com\\\/pt-pt\\\/\",\"name\":\"Hoti Hoteis\",\"description\":\"Just another WordPress site\",\"potentialAction\":[{\"@type\":\"SearchAction\",\"target\":{\"@type\":\"EntryPoint\",\"urlTemplate\":\"https:\\\/\\\/www.hotihoteis.com\\\/pt-pt\\\/?s={search_term_string}\"},\"query-input\":{\"@type\":\"PropertyValueSpecification\",\"valueRequired\":true,\"valueName\":\"search_term_string\"}}],\"inLanguage\":\"pt-PT\"}]}<\/script>\n<!-- \/ Yoast SEO plugin. -->","yoast_head_json":{"title":"Press - Hoti Hoteis","robots":{"index":"index","follow":"follow","max-snippet":"max-snippet:-1","max-image-preview":"max-image-preview:large","max-video-preview":"max-video-preview:-1"},"canonical":"https:\/\/www.hotihoteis.com\/pt-pt\/profissionais\/press\/","og_locale":"pt_PT","og_type":"article","og_title":"Press - Hoti Hoteis","og_description":"[vc_row css=&#8221;.vc_custom_1600165364552{padding-right: 0px !important;padding-left: 0px !important;}&#8221;][vc_column css=&#8221;.vc_custom_1600165368586{padding-right: 0px !important;padding-left: 0px !important;}&#8221;][\/vc_column][\/vc_row]","og_url":"https:\/\/www.hotihoteis.com\/pt-pt\/profissionais\/press\/","og_site_name":"Hoti Hoteis","article_modified_time":"2020-11-27T12:38:26+00:00","twitter_card":"summary_large_image","schema":{"@context":"https:\/\/schema.org","@graph":[{"@type":"WebPage","@id":"https:\/\/www.hotihoteis.com\/pt-pt\/profissionais\/press\/","url":"https:\/\/www.hotihoteis.com\/pt-pt\/profissionais\/press\/","name":"Press - Hoti Hoteis","isPartOf":{"@id":"https:\/\/www.hotihoteis.com\/pt-pt\/#website"},"datePublished":"2020-08-20T08:27:00+00:00","dateModified":"2020-11-27T12:38:26+00:00","breadcrumb":{"@id":"https:\/\/www.hotihoteis.com\/pt-pt\/profissionais\/press\/#breadcrumb"},"inLanguage":"pt-PT","potentialAction":[{"@type":"ReadAction","target":["https:\/\/www.hotihoteis.com\/pt-pt\/profissionais\/press\/"]}]},{"@type":"BreadcrumbList","@id":"https:\/\/www.hotihoteis.com\/pt-pt\/profissionais\/press\/#breadcrumb","itemListElement":[{"@type":"ListItem","position":1,"name":"Home","item":"https:\/\/www.hotihoteis.com\/pt-pt\/"},{"@type":"ListItem","position":2,"name":"Profissionais","item":"https:\/\/www.hotihoteis.com\/pt-pt\/profissionais\/"},{"@type":"ListItem","position":3,"name":"Press"}]},{"@type":"WebSite","@id":"https:\/\/www.hotihoteis.com\/pt-pt\/#website","url":"https:\/\/www.hotihoteis.com\/pt-pt\/","name":"Hoti Hoteis","description":"Just another WordPress site","potentialAction":[{"@type":"SearchAction","target":{"@type":"EntryPoint","urlTemplate":"https:\/\/www.hotihoteis.com\/pt-pt\/?s={search_term_string}"},"query-input":{"@type":"PropertyValueSpecification","valueRequired":true,"valueName":"search_term_string"}}],"inLanguage":"pt-PT"}]}},"publishpress_future_workflow_manual_trigger":{"enabledWorkflows":[]},"_links":{"self":[{"href":"https:\/\/www.hotihoteis.com\/pt-pt\/wp-json\/wp\/v2\/pages\/1628","targetHints":{"allow":["GET"]}}],"collection":[{"href":"https:\/\/www.hotihoteis.com\/pt-pt\/wp-json\/wp\/v2\/pages"}],"about":[{"href":"https:\/\/www.hotihoteis.com\/pt-pt\/wp-json\/wp\/v2\/types\/page"}],"author":[{"embeddable":true,"href":"https:\/\/www.hotihoteis.com\/pt-pt\/wp-json\/wp\/v2\/users\/2"}],"replies":[{"embeddable":true,"href":"https:\/\/www.hotihoteis.com\/pt-pt\/wp-json\/wp\/v2\/comments?post=1628"}],"version-history":[{"count":0,"href":"https:\/\/www.hotihoteis.com\/pt-pt\/wp-json\/wp\/v2\/pages\/1628\/revisions"}],"up":[{"embeddable":true,"href":"https:\/\/www.hotihoteis.com\/pt-pt\/wp-json\/wp\/v2\/pages\/1623"}],"wp:attachment":[{"href":"https:\/\/www.hotihoteis.com\/pt-pt\/wp-json\/wp\/v2\/media?parent=1628"}],"curies":[{"name":"wp","href":"https:\/\/api.w.org\/{rel}","templated":true}]}}