{"id":1644,"date":"2020-08-20T08:30:45","date_gmt":"2020-08-20T08:30:45","guid":{"rendered":"https:\/\/www.hotihoteis.com\/institucional\/health-and-safety\/"},"modified":"2021-01-25T12:25:30","modified_gmt":"2021-01-25T12:25:30","slug":"higiene-e-seguranca","status":"publish","type":"page","link":"https:\/\/www.hotihoteis.com\/pt-pt\/institucional\/higiene-e-seguranca\/","title":{"rendered":"Higiene e Seguran\u00e7a"},"content":{"rendered":"<p>[vc_row css=&#8221;.vc_custom_1599576775832{padding-right: 0px !important;padding-left: 0px !important;}&#8221;][vc_column css=&#8221;.vc_custom_1599576710203{padding-right: 0px !important;padding-left: 0px !important;}&#8221;]<section class='simple-text-section is-right-image'><div class='wrapper'><div class='text-wrapper'><h2 class='title'>HIGIENE E SEGURAN\u00c7A<\/h2><div class='text '>Fomos distinguidos com a atribui\u00e7\u00e3o do selo &#8220;Clean &amp; Safe&#8221;, pelo Turismo de Portugal porque os nossos estabelecimentos cumprem as recomenda\u00e7\u00f5es da Dire\u00e7\u00e3o-Geral da Sa\u00fade para evitar contamina\u00e7\u00f5es dos espa\u00e7os com o SARS-CoV2 (novo coronav\u00edrus).<\/p>\n<p>A nossa prioridade n\u00famero um \u00e9 a seguran\u00e7a, bem-estar e sa\u00fade de todos os nossos h\u00f3spedes e colaboradores.<\/p>\n<p>Para garantir exatamente isso, estabelecemos e implement\u00e1mos seguran\u00e7a preventiva, medidas e pr\u00e1ticas de higiene e seguran\u00e7a, de acordo com as recomenda\u00e7\u00f5es e diretrizes da Dire\u00e7\u00e3o Geral de Sa\u00fade, para que todos os nossos clientes possam sentir-se seguros e confort\u00e1veis em permanecer ou visitar os nossos hot\u00e9is.<\/p>\n<p>As nossas equipas dedicadas est\u00e3o treinadas e focadas em manter o ambiente saud\u00e1vel e seguro que caracteriza os nossos hot\u00e9is, e est\u00e3o prontas para prestar qualquer assist\u00eancia.<\/p>\n<p>No caso dos hot\u00e9is com marcas da Meli\u00e1 Hotels International (Meli\u00e1 Hotels &amp; Resorts e TRYP by Wyndham), encontra-se em desenvolvimento o programa #StaySafewithMelia, em parceria com Bureau Veritas, um certificado de excel\u00eancia, ao qual aderiram asunidades do Grupo Hoti Hoteis.<\/p>\n<p>Enfrentamos novos desafios, mas com a dedica\u00e7\u00e3o de sempre, damos-lhe as boas-vindas!<\/div><\/div><figure><img src='https:\/\/www.hotihoteis.com\/wp-content\/uploads\/2021\/01\/Logo-CleanSafe-01.png' alt='Logo Clean&#038;Safe-01'><\/figure><\/div><\/section>[\/vc_column][\/vc_row][vc_row css=&#8221;.vc_custom_1599576791924{padding-right: 0px !important;padding-left: 0px !important;}&#8221;][vc_column css=&#8221;.vc_custom_1599576795746{padding-right: 0px !important;padding-left: 0px !important;}&#8221;]<section class='simple-text-section '><div class='wrapper'><div class='text-wrapper'><h2 class='title'>PROCEDIMENTOS DE PREVEN\u00c7\u00c3O<\/h2><h2 class='title big-title'>NAS INSTALA\u00c7\u00d5ES<\/h2><div class='text '><\/p>\n<div>\n<p><strong>Sinaliza\u00e7\u00e3o e Informa\u00e7\u00e3o<\/strong><\/p>\n<ul>\n<li>Garantir que os clientes tenham conhecimento e acesso ao presente Protocolo Interno relativo ao surto de coronav\u00edrus COVID-19. (Dever\u00e1 ser identificada a forma de acesso \u00e0 informa\u00e7\u00e3o)<\/li>\n<li>Disponibilizar a informa\u00e7\u00e3o de como cumprir as precau\u00e7\u00f5es b\u00e1sicas de preven\u00e7\u00e3o e controlo de infe\u00e7\u00e3o relativamente ao surto de coronav\u00edrus COVID-19.<\/li>\n<\/ul>\n<\/div>\n<div>\n<p><strong>Plano de higieniza\u00e7\u00e3o<\/strong><\/p>\n<ul>\n<li>Lavagem e desinfe\u00e7\u00e3o, de acordo com o presente protocolo interno, das superf\u00edcies onde colaboradores e clientes circulam, garantindo o controlo e a preven\u00e7\u00e3o de infe\u00e7\u00f5es e resist\u00eancias aos antimicrobianos.<\/li>\n<li>Limpeza, v\u00e1rias vezes ao dia, das superf\u00edcies e objetos de utiliza\u00e7\u00e3o comum (incluindo balc\u00f5es, interruptores de luz e de elevadores, ma\u00e7anetas, puxadores de arm\u00e1rios).<\/li>\n<li>Ser dada prefer\u00eancia \u00e0 limpeza h\u00famida, em detrimento da limpeza a seco e do uso de aspirador de p\u00f3.<\/li>\n<li>Renova\u00e7\u00e3o de ar das salas e espa\u00e7os fechados \u00e9 feita regularmente.<\/li>\n<li>Desinfe\u00e7\u00e3o da piscina ou outros equipamentos existentes em SPA\u2019s\/\u00e1reas wellness (sempre que existam).<\/li>\n<li>Desinfe\u00e7\u00e3o do jacuzzi (sempre que exista) \u00e9 feita regularmente com o despejo de toda a \u00e1gua seguido de lavagem e desinfe\u00e7\u00e3o; posteriormente \u00e9 cheia com \u00e1gua limpa e desinfetada com cloro na quantidade adequada.<\/li>\n<li>Nas zonas de restaura\u00e7\u00e3o e bebidas, o refor\u00e7o da higieniza\u00e7\u00e3o dos utens\u00edlios, equipamentos e superf\u00edcies e evitada ao m\u00e1ximo a manipula\u00e7\u00e3o direta dos alimentos por clientes e colaboradores.<\/li>\n<li>Nas \u00e1reas de restaura\u00e7\u00e3o\/cafetaria, deve ser assegurada a limpeza eficaz quando sai um cliente e entra outro para a mesma mesa.<\/li>\n<li>O balde e esfregona para o ch\u00e3o s\u00e3o habitualmente reutiliz\u00e1veis, pelo que se deve garantir uma limpeza e desinfe\u00e7\u00e3o destes equipamentos no final de cada utiliza\u00e7\u00e3o.<\/li>\n<li>balde e esfregona devem ser distintos por \u00e1reas. Por exemplo: o balde e esfregona usados nas casas de banho, n\u00e3o devem ser usados nas \u00e1reas de alimenta\u00e7\u00e3o, ou em outros espa\u00e7os p\u00fablicos.<\/li>\n<li>Para o ch\u00e3o, a lavagem deve ser realizada com \u00e1gua quente e detergente comum, seguido da desinfe\u00e7\u00e3o com solu\u00e7\u00e3o de lix\u00edvia dilu\u00edda em \u00e1gua. Aconselha-se que a frequ\u00eancia de limpeza seja no m\u00ednimo 2 vezes ao dia.<\/li>\n<li>Nas instala\u00e7\u00f5es sanit\u00e1rias, a lavagem deve ser realizada, preferencialmente, com produto que contenha na composi\u00e7\u00e3o detergente e desinfetante porque \u00e9 de mais f\u00e1cil aplica\u00e7\u00e3o e desinfe\u00e7\u00e3o. Aconselha-se que a frequ\u00eancia de limpeza do ch\u00e3o seja no m\u00ednimo 3 vezes ao dia.<\/li>\n<li>Nos espa\u00e7os onde podem estar crian\u00e7as a brincar, a limpeza deve ser refor\u00e7ada v\u00e1rias vezes ao dia.<\/li>\n<\/ul>\n<\/div>\n<div>\n<p><strong>Adequa\u00e7\u00e3o do espa\u00e7o selecionado para isolamento<\/strong><\/p>\n<ul>\n<li>Local para isolar pessoas que possam ser detetadas como casos suspeitos ou casos confirmados de COVID-19, que deve ter preferencialmente ventila\u00e7\u00e3o natural, ou sistema de ventila\u00e7\u00e3o mec\u00e2nica, e possuir revestimentos lisos e lav\u00e1veis, casa de banho, stock de materiais de limpeza, m\u00e1scaras cir\u00fargicas e luvas descart\u00e1veis, term\u00f3metro, contentor de res\u00edduos aut\u00f3nomo, sacos de res\u00edduos, sacos de recolha de roupa usada, Kit com \u00e1gua e alguns alimentos n\u00e3o perec\u00edveis.<\/li>\n<\/ul>\n<\/div>\n<div>\n<p><strong>Adequa\u00e7\u00e3o das unidades de alojamento<\/strong><\/p>\n<ul>\n<li>A defini\u00e7\u00e3o de cuidados espec\u00edficos para troca da roupa de cama e limpeza nos quartos, privilegiando dois tempos de interven\u00e7\u00e3o espa\u00e7ados e com prote\u00e7\u00e3o adequada conforme Protocolo interno.<\/li>\n<li>A remo\u00e7\u00e3o da roupa de cama e atoalhados feita sem a agitar ou sacudir, enrolando-a no sentido de fora para dentro, sem encostar ao corpo e transportando-a diretamente para a m\u00e1quina de lavar.<\/li>\n<li>A lavagem em separado \u00e0 m\u00e1quina e a temperaturas elevadas da roupa de cama\/atoalhados (cerca de 60\u00baC).<\/li>\n<li>A lavagem e desinfe\u00e7\u00e3o das almofadas sempre que mude o cliente.<\/li>\n<li>Ponderar proteger os comandos de TV e ar condicionado (ex: envolver em pl\u00e1stico).<\/li>\n<\/ul>\n<\/div>\n<div>\n<p><strong>Equipamentos de higieniza\u00e7\u00e3o<\/strong><\/p>\n<ul>\n<li>Dispensadores de solu\u00e7\u00e3o antiss\u00e9tica de base alco\u00f3lica ou solu\u00e7\u00e3o \u00e0 base de \u00e1lcool junto aos pontos de entrada\/sa\u00edda, e sempre que aplic\u00e1vel por piso, \u00e0 entrada do restaurante, bar e instala\u00e7\u00f5es sanit\u00e1rias comuns.<\/li>\n<li>Sab\u00e3o l\u00edquido para lavagem de m\u00e3os e toalhetes de papel, em todas as instala\u00e7\u00f5es sanit\u00e1rias.<\/li>\n<\/ul>\n<\/div>\n<p><\/div><\/div><\/div><\/section>[\/vc_column][\/vc_row][vc_row css=&#8221;.vc_custom_1599576800727{padding-right: 0px !important;padding-left: 0px !important;}&#8221;][vc_column css=&#8221;.vc_custom_1599576804560{padding-right: 0px !important;padding-left: 0px !important;}&#8221;]<section class='simple-text-section '><div class='wrapper'><div class='text-wrapper'><h2 class='title'>PARA OS COLABORADORES<\/h2><div class='text '><\/p>\n<div><strong>Forma\u00e7\u00e3o<\/strong><\/div>\n<div><\/div>\n<div><strong>Todos os Colaboradores receberam informa\u00e7\u00e3o e\/ou forma\u00e7\u00e3o espec\u00edfica sobre:<\/strong><\/div>\n<div>\n<ul>\n<li>Protocolo interno relativo ao surto de coronav\u00edrus COVID-19.<\/li>\n<li>Como cumprir as precau\u00e7\u00f5es b\u00e1sicas de preven\u00e7\u00e3o e controlo de infe\u00e7\u00e3o relativamente ao surto de coronav\u00edrus COVID-19, incluindo os procedimentos:\n<ul>\n<li>&#8211; <strong>Higieniza\u00e7\u00e3o das m\u00e3os:<\/strong> lavar as m\u00e3os frequentemente com \u00e1gua e sab\u00e3o, durante pelo menos 20 segundos ou usar desinfetante para as m\u00e3os que tenha pelo menos 70\u00ba de \u00e1lcool, cobrindo todas as superf\u00edcies das m\u00e3os e esfregando-as at\u00e9 \ufb01carem secas.<\/li>\n<li>&#8211; <strong>Etiqueta respirat\u00f3ria:<\/strong> tossir ou espirrar para o antebra\u00e7o \ufb02etido ou usar len\u00e7o de papel, que depois deve ser imediatamente deitado ao lixo; higienizar as m\u00e3os sempre ap\u00f3s tossir ou espirrar e depois de se assoar; evitar tocar nos olhos, nariz e boca com as m\u00e3os.<\/li>\n<li>&#8211; <strong>Conduta social:<\/strong> alterar a frequ\u00eancia e a forma de contacto entre os trabalhadores e entre estes e os clientes, evitando (quando poss\u00edvel) o contacto pr\u00f3ximo, apertos de m\u00e3o, beijos, postos de trabalho partilhados, reuni\u00f5es presenciais e partilha de comida, utens\u00edlios, copos e toalhas.<\/li>\n<\/ul>\n<\/li>\n<li>Como cumprir a auto monitoriza\u00e7\u00e3o di\u00e1ria para avalia\u00e7\u00e3o da febre, veri\ufb01ca\u00e7\u00e3o de tosse ou di\ufb01culdade em respirar.<\/li>\n<li>Como cumprir as orienta\u00e7\u00f5es da Dire\u00e7\u00e3o-Geral da Sa\u00fade para limpeza de superf\u00edcies e tratamento de roupa nos estabelecimentos.<\/li>\n<\/ul>\n<\/div>\n<div>\n<p><strong>Equipamento \u2013 Prote\u00e7\u00e3o individual<\/strong><\/p>\n<ul>\n<li>Em n\u00famero suficiente para todos os colaboradores (consoante a sua fun\u00e7\u00e3o: m\u00e1scara, luvas, viseira, bata ou avental, touca, cobre-sapatos).<\/li>\n<li>A farda dos colaboradores deve ser lavada em separado \u00e0 m\u00e1quina e a temperaturas elevadas (cerca de 60\u00baC).<\/li>\n<\/ul>\n<\/div>\n<div>\n<p><strong>Designa\u00e7\u00e3o dos respons\u00e1veis<\/strong><\/p>\n<ul>\n<li>Ter ao servi\u00e7o um colaborador respons\u00e1vel por acionar os procedimentos em caso de suspeita de infe\u00e7\u00e3o (acompanhar a pessoa com sintomas ao espa\u00e7o de isolamento, prestar-lhe a assist\u00eancia necess\u00e1ria e contactar o servi\u00e7o nacional de sa\u00fade). Indicar o respons\u00e1vel ao servi\u00e7o pelo cumprimento das regras de preven\u00e7\u00e3o\/atua\u00e7\u00e3o e\/ou de alerta em caso de suspeita de infe\u00e7\u00e3o.<\/li>\n<\/ul>\n<\/div>\n<div>\n<p><strong>Conduta<\/strong><\/p>\n<ul>\n<li>Auto monitoriza\u00e7\u00e3o di\u00e1ria para avalia\u00e7\u00e3o da febre, exist\u00eancia de tosse ou di\ufb01culdade em respirar. Ponderar a forma de registo.<\/li>\n<li>Comportamentos a adotar pelo staff:<\/li>\n<li>manter a dist\u00e2ncia entre colaboradores e clientes e evitar contactos f\u00edsicos, incluindo os apertos de m\u00e3o<\/li>\n<li>n\u00e3o entrar e sair dos estabelecimentos com a farda do estabelecimento<\/li>\n<li>manter o cabelo apanhado<\/li>\n<li>desaconselha-se o uso excessivo de adornos pessoais (pulseiras, fios, an\u00e9is, etc.)<\/li>\n<li>na entrada de pessoal, dispor de um tapete h\u00famido para limpar a sola dos sapatos e mudar regularmente esse tapete<\/li>\n<li>pausas e hor\u00e1rios de refei\u00e7\u00f5es escalonadas para evitar encontros nas zonas de pessoal\/refeit\u00f3rios<\/li>\n<li>Os profissionais de limpeza devem conhecer bem os produtos a utilizar (detergentes e desinfetantes), as precau\u00e7\u00f5es a ter com o seu manuseamento, dilui\u00e7\u00e3o e aplica\u00e7\u00e3o em condi\u00e7\u00f5es de seguran\u00e7a, como se proteger durante os procedimentos de limpeza dos espa\u00e7os e como garantir uma boa ventila\u00e7\u00e3o dos mesmos durante a limpeza e desinfe\u00e7\u00e3o.<\/li>\n<\/ul>\n<\/div>\n<div>\n<p><strong>Stock de materiais de limpeza e higieniza\u00e7\u00e3o<\/strong><\/p>\n<ul>\n<li>Stock de materiais de limpeza de uso \u00fanico proporcional \u00e0s dimens\u00f5es do empreendimento, incluindo toalhetes de limpeza de uso \u00fanico humedecidos em desinfetante, lix\u00edvia e \u00e1lcool a 70\u00ba.<\/li>\n<li>Dispensadores ou recargas de solu\u00e7\u00e3o antiss\u00e9tica de base alco\u00f3lica ou solu\u00e7\u00e3o \u00e0 base de \u00e1lcool.<\/li>\n<li>Contentor de res\u00edduos com abertura n\u00e3o manual e saco pl\u00e1stico.<\/li>\n<li>Equipamento ou recargas para lavagem de m\u00e3os com sab\u00e3o l\u00edquido e toalhetes de papel.<\/li>\n<\/ul>\n<\/div>\n<div>\n<p><strong>Escalas \/ Turnos<\/strong><\/p>\n<ul>\n<li>Defini\u00e7\u00e3o de escalas de servi\u00e7o e\/ou turnos com redu\u00e7\u00e3o do n\u00famero simult\u00e2neo de colaboradores &#8211; A cria\u00e7\u00e3o de equipas poder\u00e1 permitir maior controlo das regras de seguran\u00e7a e higiene<\/li>\n<li>Defini\u00e7\u00e3o de regras\/faseamento dos atos de limpeza das unidades de alojamento.<\/li>\n<\/ul>\n<\/div>\n<p><\/div><\/div><\/div><\/section>[\/vc_column][\/vc_row][vc_row css=&#8221;.vc_custom_1599576811615{padding-right: 0px !important;padding-left: 0px !important;}&#8221;][vc_column css=&#8221;.vc_custom_1599576815568{padding-right: 0px !important;padding-left: 0px !important;}&#8221;]<section class='simple-text-section '><div class='wrapper'><div class='text-wrapper'><h2 class='title'>PARA OS CLIENTES<\/h2><div class='text '><\/p>\n<div class=\"text\">\n<div>\n<p><strong>Equipamento \u2013 Prote\u00e7\u00e3o individual<\/strong><\/p>\n<ul>\n<li>Equipamento de prote\u00e7\u00e3o individual (kits individuais de prote\u00e7\u00e3o com m\u00e1scara e gel desinfetante, podendo acrescer luvas, viseira ou outros) dispon\u00edvel para clientes (para defini\u00e7\u00e3o do stock dever\u00e1 ter-se em aten\u00e7\u00e3o a capacidade m\u00e1xima do estabelecimento).<\/li>\n<\/ul>\n<\/div>\n<div>\n<p><strong>Conduta<\/strong><\/p>\n<ul>\n<li>Defini\u00e7\u00e3o de regras simples e claras de perman\u00eancia nos espa\u00e7os comuns (hor\u00e1rios diferenciados de refei\u00e7\u00f5es, gin\u00e1sio, SPA, piscina, etc\u2026.) acess\u00edveis a todos (em v\u00e1rios idiomas, divulga\u00e7\u00e3o em locais adequados, etc).<\/li>\n<\/ul>\n<p>&nbsp;<\/p>\n<\/div>\n<\/div>\n<h2 class=\"title\"><strong>PROCEDIMENTOS EM CASO DE SUSPEITA DE INFE\u00c7\u00c3O<\/strong><\/h2>\n<div class=\"text\">\n<div>\n<p><strong>Plano de atua\u00e7\u00e3o<\/strong><\/p>\n<ul>\n<li>O colaborador respons\u00e1vel deve acompanhar o suspeito de infe\u00e7\u00e3o ao espa\u00e7o de isolamento, prestar-lhe a assist\u00eancia necess\u00e1ria e contactar o Servi\u00e7o Nacional de Sa\u00fade.<\/li>\n<\/ul>\n<\/div>\n<div>\n<p><strong>Descontamina\u00e7\u00e3o do local de isolamento<\/strong><\/p>\n<ul>\n<li>A descontamina\u00e7\u00e3o da \u00e1rea de isolamento sempre que haja casos positivos de infe\u00e7\u00e3o e refor\u00e7o da limpeza e desinfe\u00e7\u00e3o sempre que haja doentes suspeitos de infe\u00e7\u00e3o, principalmente nas superf\u00edcies frequentemente manuseadas e mais utilizadas pelo mesmo, conforme indica\u00e7\u00f5es da Dire\u00e7\u00e3o-Geral da Sa\u00fade.<\/li>\n<li>O armazenamento dos res\u00edduos produzidos pelos doentes suspeitos de infe\u00e7\u00e3o em saco de pl\u00e1stico que, ap\u00f3s fechado (ex. com abra\u00e7adeira) deve ser segregado e enviado para operador licenciado para a gest\u00e3o de res\u00edduos hospitalares com risco biol\u00f3gico.<\/li>\n<\/ul>\n<\/div>\n<div>\n<p><strong>Registo de Incidentes e A\u00e7\u00f5es tomadas<\/strong><\/p>\n<ul>\n<li>O hotel mant\u00e9m registos atualizados, dispon\u00edveis para consulta, das sess\u00f5es de forma\u00e7\u00e3o realizadas, bem como dos procedimentos elevados de higiene e saneamento realizados em cada sec\u00e7\u00e3o da propriedade, pertinentes ao combate ao do Covid-19.<\/li>\n<\/ul>\n<\/div>\n<\/div>\n<p><\/div><\/div><\/div><\/section>[\/vc_column][\/vc_row]<\/p>\n","protected":false},"excerpt":{"rendered":"<p>[vc_row css=&#8221;.vc_custom_1599576775832{padding-right: 0px !important;padding-left: 0px !important;}&#8221;][vc_column css=&#8221;.vc_custom_1599576710203{padding-right: 0px !important;padding-left: 0px !important;}&#8221;][\/vc_column][\/vc_row][vc_row css=&#8221;.vc_custom_1599576791924{padding-right: 0px !important;padding-left: 0px !important;}&#8221;][vc_column css=&#8221;.vc_custom_1599576795746{padding-right: 0px !important;padding-left: 0px !important;}&#8221;][\/vc_column][\/vc_row][vc_row css=&#8221;.vc_custom_1599576800727{padding-right: 0px !important;padding-left: 0px !important;}&#8221;][vc_column css=&#8221;.vc_custom_1599576804560{padding-right: 0px !important;padding-left: 0px !important;}&#8221;][\/vc_column][\/vc_row][vc_row css=&#8221;.vc_custom_1599576811615{padding-right: 0px !important;padding-left: 0px !important;}&#8221;][vc_column css=&#8221;.vc_custom_1599576815568{padding-right: 0px !important;padding-left: 0px !important;}&#8221;][\/vc_column][\/vc_row]<\/p>\n","protected":false},"author":2,"featured_media":0,"parent":1630,"menu_order":4,"comment_status":"closed","ping_status":"closed","template":"","meta":{"_acf_changed":false,"footnotes":""},"class_list":["post-1644","page","type-page","status-publish","hentry"],"acf":[],"yoast_head":"<!-- This site is optimized with the Yoast SEO plugin v27.3 - https:\/\/yoast.com\/product\/yoast-seo-wordpress\/ -->\n<title>Higiene e Seguran\u00e7a - Hoti Hoteis<\/title>\n<meta name=\"robots\" content=\"index, follow, max-snippet:-1, max-image-preview:large, max-video-preview:-1\" \/>\n<link rel=\"canonical\" href=\"https:\/\/www.hotihoteis.com\/pt-pt\/institucional\/higiene-e-seguranca\/\" \/>\n<meta property=\"og:locale\" content=\"pt_PT\" \/>\n<meta property=\"og:type\" content=\"article\" \/>\n<meta property=\"og:title\" content=\"Higiene e Seguran\u00e7a - Hoti Hoteis\" \/>\n<meta property=\"og:description\" content=\"[vc_row css=&#8221;.vc_custom_1599576775832{padding-right: 0px !important;padding-left: 0px !important;}&#8221;][vc_column css=&#8221;.vc_custom_1599576710203{padding-right: 0px !important;padding-left: 0px !important;}&#8221;][\/vc_column][\/vc_row][vc_row css=&#8221;.vc_custom_1599576791924{padding-right: 0px !important;padding-left: 0px !important;}&#8221;][vc_column css=&#8221;.vc_custom_1599576795746{padding-right: 0px !important;padding-left: 0px !important;}&#8221;][\/vc_column][\/vc_row][vc_row css=&#8221;.vc_custom_1599576800727{padding-right: 0px !important;padding-left: 0px !important;}&#8221;][vc_column css=&#8221;.vc_custom_1599576804560{padding-right: 0px !important;padding-left: 0px !important;}&#8221;][\/vc_column][\/vc_row][vc_row css=&#8221;.vc_custom_1599576811615{padding-right: 0px !important;padding-left: 0px !important;}&#8221;][vc_column css=&#8221;.vc_custom_1599576815568{padding-right: 0px !important;padding-left: 0px !important;}&#8221;][\/vc_column][\/vc_row]\" \/>\n<meta property=\"og:url\" content=\"https:\/\/www.hotihoteis.com\/pt-pt\/institucional\/higiene-e-seguranca\/\" \/>\n<meta property=\"og:site_name\" content=\"Hoti Hoteis\" \/>\n<meta property=\"article:modified_time\" content=\"2021-01-25T12:25:30+00:00\" \/>\n<meta name=\"twitter:card\" content=\"summary_large_image\" \/>\n<meta name=\"twitter:label1\" content=\"Tempo estimado de leitura\" \/>\n\t<meta name=\"twitter:data1\" content=\"10 minutos\" \/>\n<script type=\"application\/ld+json\" class=\"yoast-schema-graph\">{\"@context\":\"https:\\\/\\\/schema.org\",\"@graph\":[{\"@type\":\"WebPage\",\"@id\":\"https:\\\/\\\/www.hotihoteis.com\\\/pt-pt\\\/institucional\\\/higiene-e-seguranca\\\/\",\"url\":\"https:\\\/\\\/www.hotihoteis.com\\\/pt-pt\\\/institucional\\\/higiene-e-seguranca\\\/\",\"name\":\"Higiene e Seguran\u00e7a - Hoti Hoteis\",\"isPartOf\":{\"@id\":\"https:\\\/\\\/www.hotihoteis.com\\\/pt-pt\\\/#website\"},\"datePublished\":\"2020-08-20T08:30:45+00:00\",\"dateModified\":\"2021-01-25T12:25:30+00:00\",\"breadcrumb\":{\"@id\":\"https:\\\/\\\/www.hotihoteis.com\\\/pt-pt\\\/institucional\\\/higiene-e-seguranca\\\/#breadcrumb\"},\"inLanguage\":\"pt-PT\",\"potentialAction\":[{\"@type\":\"ReadAction\",\"target\":[\"https:\\\/\\\/www.hotihoteis.com\\\/pt-pt\\\/institucional\\\/higiene-e-seguranca\\\/\"]}]},{\"@type\":\"BreadcrumbList\",\"@id\":\"https:\\\/\\\/www.hotihoteis.com\\\/pt-pt\\\/institucional\\\/higiene-e-seguranca\\\/#breadcrumb\",\"itemListElement\":[{\"@type\":\"ListItem\",\"position\":1,\"name\":\"Home\",\"item\":\"https:\\\/\\\/www.hotihoteis.com\\\/pt-pt\\\/\"},{\"@type\":\"ListItem\",\"position\":2,\"name\":\"Institucional\",\"item\":\"https:\\\/\\\/www.hotihoteis.com\\\/pt-pt\\\/institucional\\\/\"},{\"@type\":\"ListItem\",\"position\":3,\"name\":\"Higiene e Seguran\u00e7a\"}]},{\"@type\":\"WebSite\",\"@id\":\"https:\\\/\\\/www.hotihoteis.com\\\/pt-pt\\\/#website\",\"url\":\"https:\\\/\\\/www.hotihoteis.com\\\/pt-pt\\\/\",\"name\":\"Hoti Hoteis\",\"description\":\"Just another WordPress site\",\"potentialAction\":[{\"@type\":\"SearchAction\",\"target\":{\"@type\":\"EntryPoint\",\"urlTemplate\":\"https:\\\/\\\/www.hotihoteis.com\\\/pt-pt\\\/?s={search_term_string}\"},\"query-input\":{\"@type\":\"PropertyValueSpecification\",\"valueRequired\":true,\"valueName\":\"search_term_string\"}}],\"inLanguage\":\"pt-PT\"}]}<\/script>\n<!-- \/ Yoast SEO plugin. -->","yoast_head_json":{"title":"Higiene e Seguran\u00e7a - Hoti Hoteis","robots":{"index":"index","follow":"follow","max-snippet":"max-snippet:-1","max-image-preview":"max-image-preview:large","max-video-preview":"max-video-preview:-1"},"canonical":"https:\/\/www.hotihoteis.com\/pt-pt\/institucional\/higiene-e-seguranca\/","og_locale":"pt_PT","og_type":"article","og_title":"Higiene e Seguran\u00e7a - Hoti Hoteis","og_description":"[vc_row css=&#8221;.vc_custom_1599576775832{padding-right: 0px !important;padding-left: 0px !important;}&#8221;][vc_column css=&#8221;.vc_custom_1599576710203{padding-right: 0px !important;padding-left: 0px !important;}&#8221;][\/vc_column][\/vc_row][vc_row css=&#8221;.vc_custom_1599576791924{padding-right: 0px !important;padding-left: 0px !important;}&#8221;][vc_column css=&#8221;.vc_custom_1599576795746{padding-right: 0px !important;padding-left: 0px !important;}&#8221;][\/vc_column][\/vc_row][vc_row css=&#8221;.vc_custom_1599576800727{padding-right: 0px !important;padding-left: 0px !important;}&#8221;][vc_column css=&#8221;.vc_custom_1599576804560{padding-right: 0px !important;padding-left: 0px !important;}&#8221;][\/vc_column][\/vc_row][vc_row css=&#8221;.vc_custom_1599576811615{padding-right: 0px !important;padding-left: 0px !important;}&#8221;][vc_column css=&#8221;.vc_custom_1599576815568{padding-right: 0px !important;padding-left: 0px !important;}&#8221;][\/vc_column][\/vc_row]","og_url":"https:\/\/www.hotihoteis.com\/pt-pt\/institucional\/higiene-e-seguranca\/","og_site_name":"Hoti Hoteis","article_modified_time":"2021-01-25T12:25:30+00:00","twitter_card":"summary_large_image","twitter_misc":{"Tempo estimado de leitura":"10 minutos"},"schema":{"@context":"https:\/\/schema.org","@graph":[{"@type":"WebPage","@id":"https:\/\/www.hotihoteis.com\/pt-pt\/institucional\/higiene-e-seguranca\/","url":"https:\/\/www.hotihoteis.com\/pt-pt\/institucional\/higiene-e-seguranca\/","name":"Higiene e Seguran\u00e7a - Hoti Hoteis","isPartOf":{"@id":"https:\/\/www.hotihoteis.com\/pt-pt\/#website"},"datePublished":"2020-08-20T08:30:45+00:00","dateModified":"2021-01-25T12:25:30+00:00","breadcrumb":{"@id":"https:\/\/www.hotihoteis.com\/pt-pt\/institucional\/higiene-e-seguranca\/#breadcrumb"},"inLanguage":"pt-PT","potentialAction":[{"@type":"ReadAction","target":["https:\/\/www.hotihoteis.com\/pt-pt\/institucional\/higiene-e-seguranca\/"]}]},{"@type":"BreadcrumbList","@id":"https:\/\/www.hotihoteis.com\/pt-pt\/institucional\/higiene-e-seguranca\/#breadcrumb","itemListElement":[{"@type":"ListItem","position":1,"name":"Home","item":"https:\/\/www.hotihoteis.com\/pt-pt\/"},{"@type":"ListItem","position":2,"name":"Institucional","item":"https:\/\/www.hotihoteis.com\/pt-pt\/institucional\/"},{"@type":"ListItem","position":3,"name":"Higiene e Seguran\u00e7a"}]},{"@type":"WebSite","@id":"https:\/\/www.hotihoteis.com\/pt-pt\/#website","url":"https:\/\/www.hotihoteis.com\/pt-pt\/","name":"Hoti Hoteis","description":"Just another WordPress site","potentialAction":[{"@type":"SearchAction","target":{"@type":"EntryPoint","urlTemplate":"https:\/\/www.hotihoteis.com\/pt-pt\/?s={search_term_string}"},"query-input":{"@type":"PropertyValueSpecification","valueRequired":true,"valueName":"search_term_string"}}],"inLanguage":"pt-PT"}]}},"publishpress_future_workflow_manual_trigger":{"enabledWorkflows":[]},"_links":{"self":[{"href":"https:\/\/www.hotihoteis.com\/pt-pt\/wp-json\/wp\/v2\/pages\/1644","targetHints":{"allow":["GET"]}}],"collection":[{"href":"https:\/\/www.hotihoteis.com\/pt-pt\/wp-json\/wp\/v2\/pages"}],"about":[{"href":"https:\/\/www.hotihoteis.com\/pt-pt\/wp-json\/wp\/v2\/types\/page"}],"author":[{"embeddable":true,"href":"https:\/\/www.hotihoteis.com\/pt-pt\/wp-json\/wp\/v2\/users\/2"}],"replies":[{"embeddable":true,"href":"https:\/\/www.hotihoteis.com\/pt-pt\/wp-json\/wp\/v2\/comments?post=1644"}],"version-history":[{"count":3,"href":"https:\/\/www.hotihoteis.com\/pt-pt\/wp-json\/wp\/v2\/pages\/1644\/revisions"}],"predecessor-version":[{"id":4955,"href":"https:\/\/www.hotihoteis.com\/pt-pt\/wp-json\/wp\/v2\/pages\/1644\/revisions\/4955"}],"up":[{"embeddable":true,"href":"https:\/\/www.hotihoteis.com\/pt-pt\/wp-json\/wp\/v2\/pages\/1630"}],"wp:attachment":[{"href":"https:\/\/www.hotihoteis.com\/pt-pt\/wp-json\/wp\/v2\/media?parent=1644"}],"curies":[{"name":"wp","href":"https:\/\/api.w.org\/{rel}","templated":true}]}}