{"id":1659,"date":"2020-08-20T08:23:54","date_gmt":"2020-08-20T08:23:54","guid":{"rendered":"https:\/\/www.hotihoteis.com\/recruitment\/"},"modified":"2024-08-20T16:21:03","modified_gmt":"2024-08-20T16:21:03","slug":"candidatura-espontanea","status":"publish","type":"page","link":"https:\/\/www.hotihoteis.com\/pt-pt\/recrutamento\/candidatura-espontanea\/","title":{"rendered":"Candidatura Espontanea"},"content":{"rendered":"<p>[vc_row css=&#8221;.vc_custom_1599832919073{padding-right: 0px !important;padding-left: 0px !important;}&#8221;][vc_column css=&#8221;.vc_custom_1599832923367{padding-right: 0px !important;padding-left: 0px !important;}&#8221;]<section class='recruitment-form-section container'><div class='row'><div class='description-wrapper col-lg-4'><div class='wrapper'><h3 class='title'>SENTIDO DE MISS\u00c3O<\/h3><div class='text'>Paix\u00e3o por Servir Pessoas<\/p>\n<p>Na Hoti Hoteis, Sucesso traduz-se na capacidade de garantir a satisfa\u00e7\u00e3o dos nossos H\u00f3spedes porque s\u00f3 dessa forma poderemos assegurar o crescimento sustentado de uma Cadeia Hoteleira.<\/p>\n<p>Esta miss\u00e3o s\u00f3 pode ser atingida se for partilhada pelos nossos Colaboradores e, por essa raz\u00e3o, integrar a nossa Equipa deve significar forte orienta\u00e7\u00e3o para o sucesso conjunto, capacidade de imprimir dinamismo e entusiasmo no trabalho de cada um e do grupo, e perfil adequado \u00e0s fun\u00e7\u00f5es desempenhadas que resulta da voca\u00e7\u00e3o pessoal e do n\u00edvel de habilita\u00e7\u00f5es que os nossos Colaboradores devem possuir.<\/div><\/div><\/div><div class='form-wrapper col-lg-8'><div class='form-container form-job'>\n<div class=\"wpcf7 no-js\" id=\"wpcf7-f1699-o1\" lang=\"en-US\" dir=\"ltr\" data-wpcf7-id=\"1699\">\n<div class=\"screen-reader-response\"><p role=\"status\" aria-live=\"polite\" aria-atomic=\"true\"><\/p> <ul><\/ul><\/div>\n<form action=\"\/pt-pt\/wp-json\/wp\/v2\/pages\/1659#wpcf7-f1699-o1\" method=\"post\" class=\"wpcf7-form init wpcf7-acceptance-as-validation\" aria-label=\"Contact form\" enctype=\"multipart\/form-data\" novalidate=\"novalidate\" data-status=\"init\">\n<fieldset class=\"hidden-fields-container\"><input type=\"hidden\" name=\"_wpcf7\" value=\"1699\" \/><input type=\"hidden\" name=\"_wpcf7_version\" value=\"6.1.5\" \/><input type=\"hidden\" name=\"_wpcf7_locale\" value=\"en_US\" \/><input type=\"hidden\" name=\"_wpcf7_unit_tag\" value=\"wpcf7-f1699-o1\" \/><input type=\"hidden\" name=\"_wpcf7_container_post\" value=\"0\" \/><input type=\"hidden\" name=\"_wpcf7_posted_data_hash\" value=\"\" \/><input type=\"hidden\" name=\"_wpcf7_recaptcha_response\" value=\"\" \/>\n<\/fieldset>\n<h3 class=\"form-title\">Candidatura Online<\/h3>\n<div class=\"form-group\">\n<label for=\"your-name\">Nome \/ Sobrenome *<\/label>\n<span class=\"wpcf7-form-control-wrap\" data-name=\"your-name\"><input size=\"40\" maxlength=\"400\" class=\"wpcf7-form-control wpcf7-text wpcf7-validates-as-required form-control\" aria-required=\"true\" aria-invalid=\"false\" value=\"\" type=\"text\" name=\"your-name\" \/><\/span>\n<\/div>\n\n<div class=\"form-group\">\n<label for=\"your-email\">Email *<\/label>\n<span class=\"wpcf7-form-control-wrap\" data-name=\"your-email\"><input size=\"40\" maxlength=\"400\" class=\"wpcf7-form-control wpcf7-email wpcf7-validates-as-required wpcf7-text wpcf7-validates-as-email form-control\" aria-required=\"true\" aria-invalid=\"false\" value=\"\" type=\"email\" name=\"your-email\" \/><\/span>\n<\/div>\n\n<div class=\"form-group\">\n<label for=\"your-phone\">Telefone *<\/label>\n<span class=\"wpcf7-form-control-wrap\" data-name=\"your-phone\"><input size=\"40\" maxlength=\"400\" class=\"wpcf7-form-control wpcf7-text wpcf7-validates-as-required form-control\" aria-required=\"true\" aria-invalid=\"false\" value=\"\" type=\"text\" name=\"your-phone\" \/><\/span>\n<\/div>\n\n<div class=\"form-group select-group\">\n<label>Hotel<\/label>\n<span class=\"wpcf7-form-control-wrap\" data-name=\"your-hotel\"><select class=\"wpcf7-form-control wpcf7-select\" aria-invalid=\"false\" name=\"your-hotel\"><option value=\"\">Escolha o hotel<\/option><option value=\"Hotel da M\u00fasica Porto\">Hotel da M\u00fasica Porto<\/option><option value=\"Star Inn Porto\">Star Inn Porto<\/option><option value=\"Star Inn Peniche\">Star Inn Peniche<\/option><option value=\"Star Inn Lisbon\">Star Inn Lisbon<\/option><option value=\"Golden Residence\">Golden Residence<\/option><option value=\"Meli\u00e1 Braga\">Meli\u00e1 Braga<\/option><option value=\"Meli\u00e1 Ria Aveiro\">Meli\u00e1 Ria Aveiro<\/option><option value=\"Meli\u00e1 Castelo Branco\">Meli\u00e1 Castelo Branco<\/option><option value=\"Meli\u00e1 Set\u00fabal\">Meli\u00e1 Set\u00fabal<\/option><option value=\"Meli\u00e1 Madeira Mare Funchal\">Meli\u00e1 Madeira Mare Funchal<\/option><option value=\"Meli\u00e1 Lisboa Oriente\">Meli\u00e1 Lisboa Oriente<\/option><option value=\"Meli\u00e1 Maputo Sky\">Meli\u00e1 Maputo Sky<\/option><option value=\"Meli\u00e1 Lisboa Aeroporto\">Meli\u00e1 Lisboa Aeroporto<\/option><option value=\"Tryp Porto Expo\">Tryp Porto Expo<\/option><option value=\"Tryp Porto Centro\">Tryp Porto Centro<\/option><option value=\"Tryp Leiria\">Tryp Leiria<\/option><option value=\"Tryp Lisboa Caparica Mar\">Tryp Lisboa Caparica Mar<\/option><option value=\"Moxy Lisboa Oriente\">Moxy Lisboa Oriente<\/option><\/select><\/span>\n<\/div>\n\n<div class=\"form-group form-file\">\n<label for=\"cv-file\">Curriculum Vitae *<\/label>\n<span class=\"file-label\">Nenhum ficheiro selecionado<\/span><span class=\"file-trigger\">Procurar<\/span>\n<span class=\"wpcf7-form-control-wrap\" data-name=\"cv-file\"><input size=\"40\" class=\"wpcf7-form-control wpcf7-file wpcf7-validates-as-required form-control\" accept=\".pdf,.doc\" aria-required=\"true\" aria-invalid=\"false\" type=\"file\" name=\"cv-file\" \/><\/span>\n<\/div>\n\n<div class=\"form-group radio-group\">\n<span class=\"form-check-title required\">\u00c1rea de Cadidatura <\/span>\n<span class=\"wpcf7-form-control-wrap\" data-name=\"job-area\"><span class=\"wpcf7-form-control wpcf7-radio radio-flex\"><span class=\"wpcf7-list-item first\"><label><input type=\"radio\" name=\"job-area\" value=\"Equipa de Apoio\" \/><span class=\"wpcf7-list-item-label\">Equipa de Apoio<\/span><\/label><\/span><span class=\"wpcf7-list-item\"><label><input type=\"radio\" name=\"job-area\" value=\"Marketing &amp; Vendas\" \/><span class=\"wpcf7-list-item-label\">Marketing &amp; Vendas<\/span><\/label><\/span><span class=\"wpcf7-list-item\"><label><input type=\"radio\" name=\"job-area\" value=\"Opera\u00e7\u00e3o\" \/><span class=\"wpcf7-list-item-label\">Opera\u00e7\u00e3o<\/span><\/label><\/span><span class=\"wpcf7-list-item\"><label><input type=\"radio\" name=\"job-area\" value=\"Vendas\" \/><span class=\"wpcf7-list-item-label\">Vendas<\/span><\/label><\/span><span class=\"wpcf7-list-item last\"><label><input type=\"radio\" name=\"job-area\" value=\"Dire\u00e7\u00e3o\" \/><span class=\"wpcf7-list-item-label\">Dire\u00e7\u00e3o<\/span><\/label><\/span><\/span><\/span>\n<\/div>\n<div class=\"form-group\">\n<span class=\"wpcf7-form-control-wrap\" data-name=\"acceptance\"><span class=\"wpcf7-form-control wpcf7-acceptance\"><span class=\"wpcf7-list-item\"><label><input type=\"checkbox\" name=\"acceptance\" value=\"1\" aria-invalid=\"false\" \/><span class=\"wpcf7-list-item-label\">Aceite os <a href=\"\/pt-pt\/termos-condicoes\/\">Termos & Condi\u00e7\u00f5es<\/a>.<\/span><\/label><\/span><\/span><\/span>\n<\/div>\n<div class=\"form-group\">\n<span class=\"mandatory\">* Campos obrigat\u00f3rios<\/span>\n<\/div>\n\n<div class=\"form-group\">\n<div class=\"submit-wrapper\">\n<input class=\"wpcf7-form-control wpcf7-submit has-spinner\" type=\"submit\" value=\"Send\" \/>\n<\/div>\n<\/div><div class=\"wpcf7-response-output\" aria-hidden=\"true\"><\/div>\n<\/form>\n<\/div>\n<\/div><\/div><\/div><\/section>[\/vc_column][\/vc_row]<\/p>\n","protected":false},"excerpt":{"rendered":"<p>[vc_row css=&#8221;.vc_custom_1599832919073{padding-right: 0px !important;padding-left: 0px !important;}&#8221;][vc_column css=&#8221;.vc_custom_1599832923367{padding-right: 0px !important;padding-left: 0px !important;}&#8221;][\/vc_column][\/vc_row]<\/p>\n","protected":false},"author":2,"featured_media":0,"parent":3412,"menu_order":26,"comment_status":"closed","ping_status":"closed","template":"","meta":{"_acf_changed":false,"footnotes":""},"class_list":["post-1659","page","type-page","status-publish","hentry"],"acf":[],"yoast_head":"<!-- This site is optimized with the Yoast SEO plugin v27.4 - https:\/\/yoast.com\/product\/yoast-seo-wordpress\/ -->\n<title>Candidatura Espontanea - Hoti Hoteis<\/title>\n<meta name=\"robots\" content=\"index, follow, max-snippet:-1, max-image-preview:large, max-video-preview:-1\" \/>\n<link rel=\"canonical\" href=\"https:\/\/www.hotihoteis.com\/pt-pt\/recrutamento\/candidatura-espontanea\/\" \/>\n<meta property=\"og:locale\" content=\"pt_PT\" \/>\n<meta property=\"og:type\" content=\"article\" \/>\n<meta property=\"og:title\" content=\"Candidatura Espontanea - Hoti Hoteis\" \/>\n<meta property=\"og:description\" content=\"[vc_row css=&#8221;.vc_custom_1599832919073{padding-right: 0px !important;padding-left: 0px !important;}&#8221;][vc_column css=&#8221;.vc_custom_1599832923367{padding-right: 0px !important;padding-left: 0px !important;}&#8221;][\/vc_column][\/vc_row]\" \/>\n<meta property=\"og:url\" content=\"https:\/\/www.hotihoteis.com\/pt-pt\/recrutamento\/candidatura-espontanea\/\" \/>\n<meta property=\"og:site_name\" content=\"Hoti Hoteis\" \/>\n<meta property=\"article:modified_time\" content=\"2024-08-20T16:21:03+00:00\" \/>\n<meta name=\"twitter:card\" content=\"summary_large_image\" \/>\n<meta name=\"twitter:label1\" content=\"Tempo estimado de leitura\" \/>\n\t<meta name=\"twitter:data1\" content=\"1 minuto\" \/>\n<script type=\"application\/ld+json\" class=\"yoast-schema-graph\">{\"@context\":\"https:\\\/\\\/schema.org\",\"@graph\":[{\"@type\":\"WebPage\",\"@id\":\"https:\\\/\\\/www.hotihoteis.com\\\/pt-pt\\\/recrutamento\\\/candidatura-espontanea\\\/\",\"url\":\"https:\\\/\\\/www.hotihoteis.com\\\/pt-pt\\\/recrutamento\\\/candidatura-espontanea\\\/\",\"name\":\"Candidatura Espontanea - Hoti Hoteis\",\"isPartOf\":{\"@id\":\"https:\\\/\\\/www.hotihoteis.com\\\/pt-pt\\\/#website\"},\"datePublished\":\"2020-08-20T08:23:54+00:00\",\"dateModified\":\"2024-08-20T16:21:03+00:00\",\"breadcrumb\":{\"@id\":\"https:\\\/\\\/www.hotihoteis.com\\\/pt-pt\\\/recrutamento\\\/candidatura-espontanea\\\/#breadcrumb\"},\"inLanguage\":\"pt-PT\",\"potentialAction\":[{\"@type\":\"ReadAction\",\"target\":[\"https:\\\/\\\/www.hotihoteis.com\\\/pt-pt\\\/recrutamento\\\/candidatura-espontanea\\\/\"]}]},{\"@type\":\"BreadcrumbList\",\"@id\":\"https:\\\/\\\/www.hotihoteis.com\\\/pt-pt\\\/recrutamento\\\/candidatura-espontanea\\\/#breadcrumb\",\"itemListElement\":[{\"@type\":\"ListItem\",\"position\":1,\"name\":\"Home\",\"item\":\"https:\\\/\\\/www.hotihoteis.com\\\/pt-pt\\\/\"},{\"@type\":\"ListItem\",\"position\":2,\"name\":\"Recrutamento\",\"item\":\"https:\\\/\\\/www.hotihoteis.com\\\/pt-pt\\\/recrutamento\\\/\"},{\"@type\":\"ListItem\",\"position\":3,\"name\":\"Candidatura Espontanea\"}]},{\"@type\":\"WebSite\",\"@id\":\"https:\\\/\\\/www.hotihoteis.com\\\/pt-pt\\\/#website\",\"url\":\"https:\\\/\\\/www.hotihoteis.com\\\/pt-pt\\\/\",\"name\":\"Hoti Hoteis\",\"description\":\"Just another WordPress site\",\"potentialAction\":[{\"@type\":\"SearchAction\",\"target\":{\"@type\":\"EntryPoint\",\"urlTemplate\":\"https:\\\/\\\/www.hotihoteis.com\\\/pt-pt\\\/?s={search_term_string}\"},\"query-input\":{\"@type\":\"PropertyValueSpecification\",\"valueRequired\":true,\"valueName\":\"search_term_string\"}}],\"inLanguage\":\"pt-PT\"}]}<\/script>\n<!-- \/ Yoast SEO plugin. -->","yoast_head_json":{"title":"Candidatura Espontanea - Hoti Hoteis","robots":{"index":"index","follow":"follow","max-snippet":"max-snippet:-1","max-image-preview":"max-image-preview:large","max-video-preview":"max-video-preview:-1"},"canonical":"https:\/\/www.hotihoteis.com\/pt-pt\/recrutamento\/candidatura-espontanea\/","og_locale":"pt_PT","og_type":"article","og_title":"Candidatura Espontanea - Hoti Hoteis","og_description":"[vc_row css=&#8221;.vc_custom_1599832919073{padding-right: 0px !important;padding-left: 0px !important;}&#8221;][vc_column css=&#8221;.vc_custom_1599832923367{padding-right: 0px !important;padding-left: 0px !important;}&#8221;][\/vc_column][\/vc_row]","og_url":"https:\/\/www.hotihoteis.com\/pt-pt\/recrutamento\/candidatura-espontanea\/","og_site_name":"Hoti Hoteis","article_modified_time":"2024-08-20T16:21:03+00:00","twitter_card":"summary_large_image","twitter_misc":{"Tempo estimado de leitura":"1 minuto"},"schema":{"@context":"https:\/\/schema.org","@graph":[{"@type":"WebPage","@id":"https:\/\/www.hotihoteis.com\/pt-pt\/recrutamento\/candidatura-espontanea\/","url":"https:\/\/www.hotihoteis.com\/pt-pt\/recrutamento\/candidatura-espontanea\/","name":"Candidatura Espontanea - Hoti Hoteis","isPartOf":{"@id":"https:\/\/www.hotihoteis.com\/pt-pt\/#website"},"datePublished":"2020-08-20T08:23:54+00:00","dateModified":"2024-08-20T16:21:03+00:00","breadcrumb":{"@id":"https:\/\/www.hotihoteis.com\/pt-pt\/recrutamento\/candidatura-espontanea\/#breadcrumb"},"inLanguage":"pt-PT","potentialAction":[{"@type":"ReadAction","target":["https:\/\/www.hotihoteis.com\/pt-pt\/recrutamento\/candidatura-espontanea\/"]}]},{"@type":"BreadcrumbList","@id":"https:\/\/www.hotihoteis.com\/pt-pt\/recrutamento\/candidatura-espontanea\/#breadcrumb","itemListElement":[{"@type":"ListItem","position":1,"name":"Home","item":"https:\/\/www.hotihoteis.com\/pt-pt\/"},{"@type":"ListItem","position":2,"name":"Recrutamento","item":"https:\/\/www.hotihoteis.com\/pt-pt\/recrutamento\/"},{"@type":"ListItem","position":3,"name":"Candidatura Espontanea"}]},{"@type":"WebSite","@id":"https:\/\/www.hotihoteis.com\/pt-pt\/#website","url":"https:\/\/www.hotihoteis.com\/pt-pt\/","name":"Hoti Hoteis","description":"Just another WordPress site","potentialAction":[{"@type":"SearchAction","target":{"@type":"EntryPoint","urlTemplate":"https:\/\/www.hotihoteis.com\/pt-pt\/?s={search_term_string}"},"query-input":{"@type":"PropertyValueSpecification","valueRequired":true,"valueName":"search_term_string"}}],"inLanguage":"pt-PT"}]}},"publishpress_future_workflow_manual_trigger":{"enabledWorkflows":[]},"_links":{"self":[{"href":"https:\/\/www.hotihoteis.com\/pt-pt\/wp-json\/wp\/v2\/pages\/1659","targetHints":{"allow":["GET"]}}],"collection":[{"href":"https:\/\/www.hotihoteis.com\/pt-pt\/wp-json\/wp\/v2\/pages"}],"about":[{"href":"https:\/\/www.hotihoteis.com\/pt-pt\/wp-json\/wp\/v2\/types\/page"}],"author":[{"embeddable":true,"href":"https:\/\/www.hotihoteis.com\/pt-pt\/wp-json\/wp\/v2\/users\/2"}],"replies":[{"embeddable":true,"href":"https:\/\/www.hotihoteis.com\/pt-pt\/wp-json\/wp\/v2\/comments?post=1659"}],"version-history":[{"count":3,"href":"https:\/\/www.hotihoteis.com\/pt-pt\/wp-json\/wp\/v2\/pages\/1659\/revisions"}],"predecessor-version":[{"id":5536,"href":"https:\/\/www.hotihoteis.com\/pt-pt\/wp-json\/wp\/v2\/pages\/1659\/revisions\/5536"}],"up":[{"embeddable":true,"href":"https:\/\/www.hotihoteis.com\/pt-pt\/wp-json\/wp\/v2\/pages\/3412"}],"wp:attachment":[{"href":"https:\/\/www.hotihoteis.com\/pt-pt\/wp-json\/wp\/v2\/media?parent=1659"}],"curies":[{"name":"wp","href":"https:\/\/api.w.org\/{rel}","templated":true}]}}