{"id":1664,"date":"2020-08-18T16:37:53","date_gmt":"2020-08-18T16:37:53","guid":{"rendered":"https:\/\/www.hotihoteis.com\/directory\/"},"modified":"2021-08-05T13:37:08","modified_gmt":"2021-08-05T13:37:08","slug":"portfolio-de-hoteis","status":"publish","type":"page","link":"https:\/\/www.hotihoteis.com\/pt-pt\/portfolio-de-hoteis\/","title":{"rendered":"Portf\u00f3lio de hot\u00e9is"},"content":{"rendered":"<p>[vc_row css=&#8221;.vc_custom_1599651992313{padding-right: 0px !important;padding-left: 0px !important;}&#8221; el_class=&#8221;remove-pos-rel&#8221;][vc_column css=&#8221;.vc_custom_1599652035072{padding-right: 0px !important;padding-left: 0px !important;}&#8221; el_class=&#8221;position-inherit&#8221;]<section class='hotel-directory-section'><div id='map'><\/div><div class='hotel-details-list container'><div class='row'><div class='hotel-list-wrapper offset-xs-2 col-xs-10 offset-sm-3 col-sm-9 offset-md-4 col-md-8 offset-lg-6 col-lg-6 '><div class='tabs'><div class='tab' data-hotel='hotel_da_musica' data-location='porto' data-lat='41.1562' data-long='-8.6292' data-marker='https:\/\/www.hotihoteis.com\/wp-content\/uploads\/2020\/09\/HH_marker5.png'><label class='tab-label'><span>Hotel da M\u00fasica <strong>Porto<\/strong><\/span><\/label><div class='tab-content'><figure><img src='https:\/\/www.hotihoteis.com\/wp-content\/uploads\/2020\/09\/HMP_foto_fundo-150x100.jpg' alt='HMP_foto_fundo' title='HMP_foto_fundo'><\/figure><div class='text-wrapper'><span>Inspired by music<\/span><a href='\/pt-pt\/hotel\/hotel-da-musica-porto\/' class='bottom-border-hover' title='Para mais informa\u00e7\u00f5es'>PARA MAIS INFORMA\u00c7\u00d5ES<\/a><\/div><\/div><\/div><div class='tab' data-hotel='star_inn' data-location='porto' data-lat='41.1794' data-long='-8.6244' data-marker='https:\/\/www.hotihoteis.com\/wp-content\/uploads\/2020\/09\/HH_marker4.png'><label class='tab-label'><span>Star Inn <strong>Porto<\/strong><\/span><\/label><div class='tab-content'><figure><img src='https:\/\/www.hotihoteis.com\/wp-content\/uploads\/2023\/07\/Exterior-Frente-H-OTAS-150x150-1-120x120.jpg' alt='Exterior-Frente (H) OTAS 150x150' title='Exterior-Frente (H) OTAS 150x150'><\/figure><div class='text-wrapper'><span>Stay somewhere nice everytime<\/span><a href='\/pt-pt\/hotel\/star-inn-porto\/' class='bottom-border-hover' title='Para mais informa\u00e7\u00f5es'>PARA MAIS INFORMA\u00c7\u00d5ES<\/a><\/div><\/div><\/div><div class='tab' data-hotel='star_inn' data-location='peniche' data-lat='39.3588' data-long='-9.3635' data-marker='https:\/\/www.hotihoteis.com\/wp-content\/uploads\/2020\/09\/HH_marker4.png'><label class='tab-label'><span>Star Inn <strong>Peniche<\/strong><\/span><\/label><div class='tab-content'><figure><img src='https:\/\/www.hotihoteis.com\/wp-content\/uploads\/2021\/01\/SPE_640x400-150x94.jpg' alt='SPE_640x400' title='SPE_640x400'><\/figure><div class='text-wrapper'><span>Stay somewhere nice everytime<\/span><a href='\/pt-pt\/hotel\/star-inn-peniche\/' class='bottom-border-hover' title='Para mais informa\u00e7\u00f5es'>PARA MAIS INFORMA\u00c7\u00d5ES<\/a><\/div><\/div><\/div><div class='tab' data-hotel='star_inn' data-location='lisboa' data-lat='38.770717' data-long='-9.125240' data-marker='https:\/\/www.hotihoteis.com\/wp-content\/uploads\/2020\/09\/HH_marker4.png'><label class='tab-label'><span>Star Inn <strong>Lisbon<\/strong><\/span><\/label><div class='tab-content'><figure><img src='https:\/\/www.hotihoteis.com\/wp-content\/uploads\/2021\/01\/SIL_640x400-150x94.jpg' alt='SIL_640x400' title='SIL_640x400'><\/figure><div class='text-wrapper'><span>Stay somewhere nice everytime<\/span><a href='\/pt-pt\/hotel\/star-inn-lisbon\/' class='bottom-border-hover' title='Para mais informa\u00e7\u00f5es'>PARA MAIS INFORMA\u00c7\u00d5ES<\/a><\/div><\/div><\/div><div class='tab' data-hotel='golden_residence' data-location='funchal' data-lat='32.636572' data-long='-16.946658' data-marker='https:\/\/www.hotihoteis.com\/wp-content\/uploads\/2020\/12\/Pin_GoldenRes.png'><label class='tab-label'><span>Golden <strong>Residence<\/strong><\/span><\/label><div class='tab-content'><figure><img src='https:\/\/www.hotihoteis.com\/wp-content\/uploads\/2023\/01\/Piscina-Exterior_1-640x400-1-150x94.jpg' alt='Piscina Exterior_1 640x400' title='Piscina Exterior_1 640x400'><\/figure><div class='text-wrapper'><span>Inspired by the ocean<\/span><a href='\/pt-pt\/hotel\/golden-residence\/' class='bottom-border-hover' title='Para mais informa\u00e7\u00f5es'>PARA MAIS INFORMA\u00c7\u00d5ES<\/a><\/div><\/div><\/div><div class='tab' data-hotel='melia' data-location='sao_joao_da_madeira' data-lat='40.9030271' data-long='-8.4928432,821' data-marker='https:\/\/www.hotihoteis.com\/wp-content\/uploads\/2021\/08\/admin-ajax.png'><label class='tab-label'><span>MELI\u00c3 <strong>S\u00e3o Jo\u00e3o da Madeira<\/strong><\/span><\/label><div class='tab-content'><figure><img src='https:\/\/www.hotihoteis.com\/wp-content\/uploads\/2025\/02\/7-Piscina-Exterior-H-150x100.jpg' alt='7-Piscina Exterior (H)' title='7-Piscina Exterior (H)'><\/figure><div class='text-wrapper'><span>O seu novo hotel em S\u00e3o Jo\u00e3o da Madeira. Venha conhecer-nos!<\/span><a href='\/pt-pt\/hotel\/melia-sao-joao-madeira\/' class='bottom-border-hover' title='Para mais informa\u00e7\u00f5es'>PARA MAIS INFORMA\u00c7\u00d5ES<\/a><\/div><\/div><\/div><div class='tab' data-hotel='innside' data-location='braga' data-lat='41.55179 ' data-long='-8.4200562' data-marker='https:\/\/www.hotihoteis.com\/wp-content\/uploads\/2024\/06\/Design-sem-nome-17.png'><label class='tab-label'><span>INNSiDE <strong>Braga Centro<\/strong><\/span><\/label><div class='tab-content'><figure><img src='https:\/\/www.hotihoteis.com\/wp-content\/uploads\/2024\/08\/Fachada-7-Por-do-Sol-H-150x100.jpg' alt='Fachada 7 - Po\u0302r-do-Sol (H)' title='Fachada 7 - Po\u0302r-do-Sol (H)'><\/figure><div class='text-wrapper'><span>O seu novo hotel em Braga. Venha conhecer-nos!<\/span><a href='\/pt-pt\/hotel\/innside-braga-centro\/' class='bottom-border-hover' title='Para mais informa\u00e7\u00f5es'>PARA MAIS INFORMA\u00c7\u00d5ES<\/a><\/div><\/div><\/div><div class='tab' data-hotel='melia' data-location='braga' data-lat='41.5564' data-long='-8.3970' data-marker='https:\/\/www.hotihoteis.com\/wp-content\/uploads\/2020\/09\/Templates_Designs_HotiHoteis_images_markers_HH_marker1.png'><label class='tab-label'><span>MELI\u00c1<strong> BRAGA<\/strong><\/span><\/label><div class='tab-content'><figure><img src='https:\/\/www.hotihoteis.com\/wp-content\/uploads\/2020\/11\/Drone_Melia-SPA-5_H-150x112.jpg' alt='Drone_Melia SPA-5_(H)' title='Drone_Melia SPA-5_(H)'><\/figure><div class='text-wrapper'><span>Welcome to the place where everything has soul<\/span><a href='\/pt-pt\/hotel\/melia-braga\/' class='bottom-border-hover' title='Para mais informa\u00e7\u00f5es'>PARA MAIS INFORMA\u00c7\u00d5ES<\/a><\/div><\/div><\/div><div class='tab' data-hotel='melia' data-location='aveiro' data-lat='40.638452' data-long='-8.64497' data-marker='https:\/\/www.hotihoteis.com\/wp-content\/uploads\/2020\/09\/Templates_Designs_HotiHoteis_images_markers_HH_marker1.png'><label class='tab-label'><span>Meli\u00e1 <strong>Ria Aveiro<\/strong><\/span><\/label><div class='tab-content'><figure><img src='https:\/\/www.hotihoteis.com\/wp-content\/uploads\/2021\/01\/MRI_640x400-150x94.jpg' alt='MRI_640x400' title='MRI_640x400'><\/figure><div class='text-wrapper'><span>Welcome to the place where everything has soul<\/span><a href='\/pt-pt\/hotel\/melia-ria\/' class='bottom-border-hover' title='Para mais informa\u00e7\u00f5es'>PARA MAIS INFORMA\u00c7\u00d5ES<\/a><\/div><\/div><\/div><div class='tab' data-hotel='melia' data-location='castelo_branco' data-lat='39.8247' data-long='-7.4990' data-marker='https:\/\/www.hotihoteis.com\/wp-content\/uploads\/2020\/09\/Templates_Designs_HotiHoteis_images_markers_HH_marker1.png'><label class='tab-label'><span>MELI\u00c1 <strong>Castelo Branco<\/strong><\/span><\/label><div class='tab-content'><figure><img src='https:\/\/www.hotihoteis.com\/wp-content\/uploads\/2024\/09\/Piscina-Exterior-19-H-150x112.jpg' alt='Piscina Exterior 19 (H)' title='Piscina Exterior 19 (H)'><\/figure><div class='text-wrapper'><span>Welcome to the place where everything has soul<\/span><a href='\/pt-pt\/hotel\/melia-castelo-branco\/' class='bottom-border-hover' title='Para mais informa\u00e7\u00f5es'>PARA MAIS INFORMA\u00c7\u00d5ES<\/a><\/div><\/div><\/div><div class='tab' data-hotel='melia' data-location='setubal' data-lat='38.5287289' data-long='-8.8900799' data-marker='https:\/\/www.hotihoteis.com\/wp-content\/uploads\/2020\/09\/Templates_Designs_HotiHoteis_images_markers_HH_marker1.png'><label class='tab-label'><span>Meli\u00e1 <strong>Set\u00fabal<\/strong><\/span><\/label><div class='tab-content'><figure><img src='https:\/\/www.hotihoteis.com\/wp-content\/uploads\/2021\/01\/0MSE_640x400-150x94.jpg' alt='0MSE_640x400' title='0MSE_640x400'><\/figure><div class='text-wrapper'><span>Welcome to the place where everything has soul.<\/span><a href='\/pt-pt\/hotel\/melia-setubal\/' class='bottom-border-hover' title='Para mais informa\u00e7\u00f5es'>PARA MAIS INFORMA\u00c7\u00d5ES<\/a><\/div><\/div><\/div><div class='tab' data-hotel='melia' data-location='madeira' data-lat='32.6378' data-long='-16.9344' data-marker='https:\/\/www.hotihoteis.com\/wp-content\/uploads\/2020\/09\/Templates_Designs_HotiHoteis_images_markers_HH_marker1.png'><label class='tab-label'><span>Meli\u00e1<strong> Madeira Mare Funchal<\/strong><\/span><\/label><div class='tab-content'><figure><img src='https:\/\/www.hotihoteis.com\/wp-content\/uploads\/2021\/01\/MMM_640x400-150x94.jpg' alt='MMM_640x400' title='MMM_640x400'><\/figure><div class='text-wrapper'><span>Welcome to the place where everything has soul.<\/span><a href='\/pt-pt\/hotel\/melia-madeira-mare\/' class='bottom-border-hover' title='Para mais informa\u00e7\u00f5es'>PARA MAIS INFORMA\u00c7\u00d5ES<\/a><\/div><\/div><\/div><div class='tab' data-hotel='melia' data-location='lisboa' data-lat='38.7694' data-long='-9.0980' data-marker='https:\/\/www.hotihoteis.com\/wp-content\/uploads\/2021\/08\/admin-ajax.png'><label class='tab-label'><span>Meli\u00e1 <strong>Lisboa Oriente<\/strong><\/span><\/label><div class='tab-content'><figure><img src='https:\/\/www.hotihoteis.com\/wp-content\/uploads\/2021\/08\/2-Entrada-Exterior-600x400-1-150x100.jpg' alt='Melia Lisboa oriente' title='2-Entrada-Exterior 600x400'><\/figure><div class='text-wrapper'><span>Welcome to the place where everything has soul.<\/span><a href='\/pt-pt\/hotel\/melia-lisboa-oriente\/' class='bottom-border-hover' title='Para mais informa\u00e7\u00f5es'>PARA MAIS INFORMA\u00c7\u00d5ES<\/a><\/div><\/div><\/div><div class='tab' data-hotel='melia' data-location='lisboa' data-lat='38.770317' data-long='-9.12567' data-marker='https:\/\/www.hotihoteis.com\/wp-content\/uploads\/2021\/08\/admin-ajax.png'><label class='tab-label'><span>Meli\u00e1 <strong>Lisboa Aeroporto<\/strong><\/span><\/label><div class='tab-content'><figure><img src='https:\/\/www.hotihoteis.com\/wp-content\/uploads\/2023\/01\/Piscina-H-OTA-600x400-1-150x100.jpg' alt='Piscina (H) OTA 600x400' title='Piscina (H) OTA 600x400'><\/figure><div class='text-wrapper'><span>Welcome to the place where everything has soul.<\/span><a href='\/pt-pt\/hotel\/melia-lisboa-aeroporto\/' class='bottom-border-hover' title='Para mais informa\u00e7\u00f5es'>PARA MAIS INFORMA\u00c7\u00d5ES<\/a><\/div><\/div><\/div><div class='tab' data-hotel='melia' data-location='mocambique' data-lat='-25.9760031' data-long='32.5796619' data-marker='https:\/\/www.hotihoteis.com\/wp-content\/uploads\/2020\/09\/Templates_Designs_HotiHoteis_images_markers_HH_marker1.png'><label class='tab-label'><span>Meli\u00e1<strong> Maputo Sky<\/strong><\/span><\/label><div class='tab-content'><figure><img src='https:\/\/www.hotihoteis.com\/wp-content\/uploads\/2021\/01\/MMS_640x400-150x94.jpg' alt='MMS_640x400' title='MMS_640x400'><\/figure><div class='text-wrapper'><span>Welcome to the place where everything has soul.<\/span><a href='\/pt-pt\/hotel\/melia-maputo-sky\/' class='bottom-border-hover' title='Visitar Website'>PARA MAIS INFORMA\u00c7\u00d5ES<\/a><\/div><\/div><\/div><div class='tab' data-hotel='tryp' data-location='porto' data-lat='41.2023' data-long='-8.6927' data-marker='https:\/\/www.hotihoteis.com\/wp-content\/uploads\/2020\/09\/HH_marker2.png'><label class='tab-label'><span>TRYP<strong> Porto Expo<\/strong><\/span><\/label><div class='tab-content'><figure><img src='https:\/\/www.hotihoteis.com\/wp-content\/uploads\/2021\/01\/0TPE_640x400-150x94.jpg' alt='0TPE_640x400' title='0TPE_640x400'><\/figure><div class='text-wrapper'><span>Powered by the city<\/span><a href='\/pt-pt\/hotel\/tryp-porto-expo\/' class='bottom-border-hover' title='Para mais informa\u00e7\u00f5es'>PARA MAIS INFORMA\u00c7\u00d5ES<\/a><\/div><\/div><\/div><div class='tab' data-hotel='tryp' data-location='porto' data-lat='41.1573' data-long='-8.6021' data-marker='https:\/\/www.hotihoteis.com\/wp-content\/uploads\/2020\/09\/HH_marker2.png'><label class='tab-label'><span>TRYP <strong>Porto Centro<\/strong><\/span><\/label><div class='tab-content'><figure><img src='https:\/\/www.hotihoteis.com\/wp-content\/uploads\/2021\/01\/0TPC_640x400-150x94.jpg' alt='0TPC_640x400' title='0TPC_640x400'><\/figure><div class='text-wrapper'><span>Powered by the city<\/span><a href='\/pt-pt\/hotel\/tryp-porto-centro\/' class='bottom-border-hover' title='Para mais informa\u00e7\u00f5es'>PARA MAIS INFORMA\u00c7\u00d5ES<\/a><\/div><\/div><\/div><div class='tab' data-hotel='tryp' data-location='leiria' data-lat='39.7537' data-long='-8.8132' data-marker='https:\/\/www.hotihoteis.com\/wp-content\/uploads\/2020\/09\/HH_marker2.png'><label class='tab-label'><span>TRYP <strong>LEIRIA<\/strong><\/span><\/label><div class='tab-content'><figure><img src='https:\/\/www.hotihoteis.com\/wp-content\/uploads\/2021\/01\/TLE_640x400-150x94.jpg' alt='TLE_640x400' title='TLE_640x400'><\/figure><div class='text-wrapper'><span>Hotel de 4 estrelas localizado em Leiria.<\/span><a href='\/pt-pt\/hotel\/tryp-leiria\/' class='bottom-border-hover' title='Para mais informa\u00e7\u00f5es'>PARA MAIS INFORMA\u00c7\u00d5ES<\/a><\/div><\/div><\/div><div class='tab' data-hotel='tryp' data-location='lisboa_caparica' data-lat='38.641529' data-long='-9.236485' data-marker='https:\/\/www.hotihoteis.com\/wp-content\/uploads\/2020\/09\/HH_marker2.png'><label class='tab-label'><span>TRYP<strong> Lisboa Caparica Mar<\/strong><\/span><\/label><div class='tab-content'><figure><img src='https:\/\/www.hotihoteis.com\/wp-content\/uploads\/2021\/01\/0TLCM_640x400-150x94.jpg' alt='0TLCM_640x400' title='0TLCM_640x400'><\/figure><div class='text-wrapper'><span>Powered by the city<\/span><a href='\/pt-pt\/hotel\/tryp-lisboa-caparica-mar\/' class='bottom-border-hover' title='Para mais informa\u00e7\u00f5es'>PARA MAIS INFORMA\u00c7\u00d5ES<\/a><\/div><\/div><\/div><div class='tab' data-hotel='tryp' data-location='lisboa' data-lat='38.7106139' data-long='-8.9760353' data-marker='https:\/\/www.hotihoteis.com\/wp-content\/uploads\/2020\/09\/HH_marker2.png'><label class='tab-label'><span>TRYP <strong>MONTIJO PARQUE HOTEL<\/strong><\/span><\/label><div class='tab-content'><figure><img src='https:\/\/www.hotihoteis.com\/wp-content\/uploads\/2023\/08\/TRYP-by-Wyndham-Montijo-Parque-Exterior-TRYP-MOTIJO-Sobre-nos-6-150x100.jpg' alt='TRYP-by-Wyndham-Montijo-Parque-Exterior-TRYP-MOTIJO-Sobre-nos-6.jpg' title='TRYP-by-Wyndham-Montijo-Parque-Exterior-TRYP-MOTIJO-Sobre-nos-6.jpg'><\/figure><div class='text-wrapper'><span>Hotel de 4 estrelas localizado no Montijo.<\/span><a href='https:\/\/www.hotihoteis.com\/hotel\/tryp-montijo\/ ' class='bottom-border-hover' title=''>PARA MAIS INFORMA\u00c7\u00d5ES<\/a><\/div><\/div><\/div><div class='tab' data-hotel='moxy' data-location='lisboa' data-lat='38.769042' data-long='-9.101845' data-marker='https:\/\/www.hotihoteis.com\/wp-content\/uploads\/2020\/09\/HH_marker8.png'><label class='tab-label'><span>Moxy <strong>Lisboa Oriente<\/strong><\/span><\/label><div class='tab-content'><figure><img src='https:\/\/www.hotihoteis.com\/wp-content\/uploads\/2021\/01\/MOXY_640x400-150x94.jpg' alt='MOXY_640x400' title='MOXY_640x400'><\/figure><div class='text-wrapper'><span>At the Moxy<\/span><a href='\/pt-pt\/hotel\/moxy-lisboa-oriente\/' class='bottom-border-hover' title='Para mais informa\u00e7\u00f5es'>PARA MAIS INFORMA\u00c7\u00d5ES<\/a><\/div><\/div><\/div><\/div><\/div><\/div><\/div><\/section><script>jQuery(function() {HotiHoteis.Page.directoryMap.Init();});<\/script><script>jQuery(function() {HotiHoteis.Page.dropdownDependecy.Init();});<\/script><script src=\"https:\/\/maps.googleapis.com\/maps\/api\/js?key=AIzaSyD78aQARdoqJXVsb5aTUQWmWmerNosFXH0&callback=initMap&libraries=&v=weekly\" defer><\/script>[\/vc_column][\/vc_row]<\/p>\n","protected":false},"excerpt":{"rendered":"<p>[vc_row css=&#8221;.vc_custom_1599651992313{padding-right: 0px !important;padding-left: 0px !important;}&#8221; el_class=&#8221;remove-pos-rel&#8221;][vc_column css=&#8221;.vc_custom_1599652035072{padding-right: 0px !important;padding-left: 0px !important;}&#8221; el_class=&#8221;position-inherit&#8221;][\/vc_column][\/vc_row]<\/p>\n","protected":false},"author":2,"featured_media":0,"parent":0,"menu_order":31,"comment_status":"closed","ping_status":"closed","template":"","meta":{"_acf_changed":false,"footnotes":""},"class_list":["post-1664","page","type-page","status-publish","hentry"],"acf":[],"yoast_head":"<!-- This site is optimized with the Yoast SEO plugin v27.3 - https:\/\/yoast.com\/product\/yoast-seo-wordpress\/ -->\n<title>Portf\u00f3lio de hot\u00e9is - Hoti Hoteis<\/title>\n<meta name=\"description\" content=\"Saiba tudo sobre os hot\u00e9is do nosso grupo, Hoti Hoteis. Todos os hot\u00e9is do nosso portf\u00f3lio. Descubra as v\u00e1rias marcas.\" \/>\n<meta name=\"robots\" content=\"index, follow, max-snippet:-1, max-image-preview:large, max-video-preview:-1\" \/>\n<link rel=\"canonical\" href=\"https:\/\/www.hotihoteis.com\/pt-pt\/portfolio-de-hoteis\/\" \/>\n<meta property=\"og:locale\" content=\"pt_PT\" \/>\n<meta property=\"og:type\" content=\"article\" \/>\n<meta property=\"og:title\" content=\"Portf\u00f3lio de hot\u00e9is - Hoti Hoteis\" \/>\n<meta property=\"og:description\" content=\"Saiba tudo sobre os hot\u00e9is do nosso grupo, Hoti Hoteis. Todos os hot\u00e9is do nosso portf\u00f3lio. Descubra as v\u00e1rias marcas.\" \/>\n<meta property=\"og:url\" content=\"https:\/\/www.hotihoteis.com\/pt-pt\/portfolio-de-hoteis\/\" \/>\n<meta property=\"og:site_name\" content=\"Hoti Hoteis\" \/>\n<meta property=\"article:modified_time\" content=\"2021-08-05T13:37:08+00:00\" \/>\n<meta name=\"twitter:card\" content=\"summary_large_image\" \/>\n<script type=\"application\/ld+json\" class=\"yoast-schema-graph\">{\"@context\":\"https:\\\/\\\/schema.org\",\"@graph\":[{\"@type\":\"WebPage\",\"@id\":\"https:\\\/\\\/www.hotihoteis.com\\\/pt-pt\\\/portfolio-de-hoteis\\\/\",\"url\":\"https:\\\/\\\/www.hotihoteis.com\\\/pt-pt\\\/portfolio-de-hoteis\\\/\",\"name\":\"Portf\u00f3lio de hot\u00e9is - Hoti Hoteis\",\"isPartOf\":{\"@id\":\"https:\\\/\\\/www.hotihoteis.com\\\/pt-pt\\\/#website\"},\"datePublished\":\"2020-08-18T16:37:53+00:00\",\"dateModified\":\"2021-08-05T13:37:08+00:00\",\"description\":\"Saiba tudo sobre os hot\u00e9is do nosso grupo, Hoti Hoteis. Todos os hot\u00e9is do nosso portf\u00f3lio. Descubra as v\u00e1rias marcas.\",\"breadcrumb\":{\"@id\":\"https:\\\/\\\/www.hotihoteis.com\\\/pt-pt\\\/portfolio-de-hoteis\\\/#breadcrumb\"},\"inLanguage\":\"pt-PT\",\"potentialAction\":[{\"@type\":\"ReadAction\",\"target\":[\"https:\\\/\\\/www.hotihoteis.com\\\/pt-pt\\\/portfolio-de-hoteis\\\/\"]}]},{\"@type\":\"BreadcrumbList\",\"@id\":\"https:\\\/\\\/www.hotihoteis.com\\\/pt-pt\\\/portfolio-de-hoteis\\\/#breadcrumb\",\"itemListElement\":[{\"@type\":\"ListItem\",\"position\":1,\"name\":\"Home\",\"item\":\"https:\\\/\\\/www.hotihoteis.com\\\/pt-pt\\\/\"},{\"@type\":\"ListItem\",\"position\":2,\"name\":\"Portf\u00f3lio de hot\u00e9is\"}]},{\"@type\":\"WebSite\",\"@id\":\"https:\\\/\\\/www.hotihoteis.com\\\/pt-pt\\\/#website\",\"url\":\"https:\\\/\\\/www.hotihoteis.com\\\/pt-pt\\\/\",\"name\":\"Hoti Hoteis\",\"description\":\"Just another WordPress site\",\"potentialAction\":[{\"@type\":\"SearchAction\",\"target\":{\"@type\":\"EntryPoint\",\"urlTemplate\":\"https:\\\/\\\/www.hotihoteis.com\\\/pt-pt\\\/?s={search_term_string}\"},\"query-input\":{\"@type\":\"PropertyValueSpecification\",\"valueRequired\":true,\"valueName\":\"search_term_string\"}}],\"inLanguage\":\"pt-PT\"}]}<\/script>\n<!-- \/ Yoast SEO plugin. -->","yoast_head_json":{"title":"Portf\u00f3lio de hot\u00e9is - Hoti Hoteis","description":"Saiba tudo sobre os hot\u00e9is do nosso grupo, Hoti Hoteis. Todos os hot\u00e9is do nosso portf\u00f3lio. Descubra as v\u00e1rias marcas.","robots":{"index":"index","follow":"follow","max-snippet":"max-snippet:-1","max-image-preview":"max-image-preview:large","max-video-preview":"max-video-preview:-1"},"canonical":"https:\/\/www.hotihoteis.com\/pt-pt\/portfolio-de-hoteis\/","og_locale":"pt_PT","og_type":"article","og_title":"Portf\u00f3lio de hot\u00e9is - Hoti Hoteis","og_description":"Saiba tudo sobre os hot\u00e9is do nosso grupo, Hoti Hoteis. Todos os hot\u00e9is do nosso portf\u00f3lio. Descubra as v\u00e1rias marcas.","og_url":"https:\/\/www.hotihoteis.com\/pt-pt\/portfolio-de-hoteis\/","og_site_name":"Hoti Hoteis","article_modified_time":"2021-08-05T13:37:08+00:00","twitter_card":"summary_large_image","schema":{"@context":"https:\/\/schema.org","@graph":[{"@type":"WebPage","@id":"https:\/\/www.hotihoteis.com\/pt-pt\/portfolio-de-hoteis\/","url":"https:\/\/www.hotihoteis.com\/pt-pt\/portfolio-de-hoteis\/","name":"Portf\u00f3lio de hot\u00e9is - Hoti Hoteis","isPartOf":{"@id":"https:\/\/www.hotihoteis.com\/pt-pt\/#website"},"datePublished":"2020-08-18T16:37:53+00:00","dateModified":"2021-08-05T13:37:08+00:00","description":"Saiba tudo sobre os hot\u00e9is do nosso grupo, Hoti Hoteis. Todos os hot\u00e9is do nosso portf\u00f3lio. Descubra as v\u00e1rias marcas.","breadcrumb":{"@id":"https:\/\/www.hotihoteis.com\/pt-pt\/portfolio-de-hoteis\/#breadcrumb"},"inLanguage":"pt-PT","potentialAction":[{"@type":"ReadAction","target":["https:\/\/www.hotihoteis.com\/pt-pt\/portfolio-de-hoteis\/"]}]},{"@type":"BreadcrumbList","@id":"https:\/\/www.hotihoteis.com\/pt-pt\/portfolio-de-hoteis\/#breadcrumb","itemListElement":[{"@type":"ListItem","position":1,"name":"Home","item":"https:\/\/www.hotihoteis.com\/pt-pt\/"},{"@type":"ListItem","position":2,"name":"Portf\u00f3lio de hot\u00e9is"}]},{"@type":"WebSite","@id":"https:\/\/www.hotihoteis.com\/pt-pt\/#website","url":"https:\/\/www.hotihoteis.com\/pt-pt\/","name":"Hoti Hoteis","description":"Just another WordPress site","potentialAction":[{"@type":"SearchAction","target":{"@type":"EntryPoint","urlTemplate":"https:\/\/www.hotihoteis.com\/pt-pt\/?s={search_term_string}"},"query-input":{"@type":"PropertyValueSpecification","valueRequired":true,"valueName":"search_term_string"}}],"inLanguage":"pt-PT"}]}},"publishpress_future_workflow_manual_trigger":{"enabledWorkflows":[]},"_links":{"self":[{"href":"https:\/\/www.hotihoteis.com\/pt-pt\/wp-json\/wp\/v2\/pages\/1664","targetHints":{"allow":["GET"]}}],"collection":[{"href":"https:\/\/www.hotihoteis.com\/pt-pt\/wp-json\/wp\/v2\/pages"}],"about":[{"href":"https:\/\/www.hotihoteis.com\/pt-pt\/wp-json\/wp\/v2\/types\/page"}],"author":[{"embeddable":true,"href":"https:\/\/www.hotihoteis.com\/pt-pt\/wp-json\/wp\/v2\/users\/2"}],"replies":[{"embeddable":true,"href":"https:\/\/www.hotihoteis.com\/pt-pt\/wp-json\/wp\/v2\/comments?post=1664"}],"version-history":[{"count":1,"href":"https:\/\/www.hotihoteis.com\/pt-pt\/wp-json\/wp\/v2\/pages\/1664\/revisions"}],"predecessor-version":[{"id":5822,"href":"https:\/\/www.hotihoteis.com\/pt-pt\/wp-json\/wp\/v2\/pages\/1664\/revisions\/5822"}],"wp:attachment":[{"href":"https:\/\/www.hotihoteis.com\/pt-pt\/wp-json\/wp\/v2\/media?parent=1664"}],"curies":[{"name":"wp","href":"https:\/\/api.w.org\/{rel}","templated":true}]}}