{"id":3686,"date":"2020-12-10T11:50:10","date_gmt":"2020-12-10T11:50:10","guid":{"rendered":"https:\/\/www.hotihoteis.com\/?page_id=3686"},"modified":"2020-12-11T14:39:31","modified_gmt":"2020-12-11T14:39:31","slug":"em-atualizacao","status":"publish","type":"page","link":"https:\/\/www.hotihoteis.com\/pt-pt\/em-atualizacao\/","title":{"rendered":"Em atualiza\u00e7\u00e3o"},"content":{"rendered":"<p>[vc_row css=&#8221;.vc_custom_1600186098270{padding-right: 0px !important;padding-left: 0px !important;}&#8221;][vc_column css=&#8221;.vc_custom_1600186094145{padding-right: 0px !important;padding-left: 0px !important;}&#8221;]<section class='simple-text-section '><div class='wrapper'><div class='text-wrapper'><div class='text '>Conte\u00fados em atualiza\u00e7\u00e3o.<\/p>\n<p><\/div><\/div><\/div><\/section>[\/vc_column][\/vc_row]<\/p>\n","protected":false},"excerpt":{"rendered":"<p>[vc_row css=&#8221;.vc_custom_1600186098270{padding-right: 0px !important;padding-left: 0px !important;}&#8221;][vc_column css=&#8221;.vc_custom_1600186094145{padding-right: 0px !important;padding-left: 0px !important;}&#8221;][\/vc_column][\/vc_row]<\/p>\n","protected":false},"author":2,"featured_media":0,"parent":0,"menu_order":8,"comment_status":"closed","ping_status":"closed","template":"","meta":{"_acf_changed":false,"footnotes":""},"class_list":["post-3686","page","type-page","status-publish","hentry"],"acf":[],"yoast_head":"<!-- This site is optimized with the Yoast SEO plugin v27.3 - https:\/\/yoast.com\/product\/yoast-seo-wordpress\/ -->\n<title>Em atualiza\u00e7\u00e3o - Hoti Hoteis<\/title>\n<meta name=\"robots\" content=\"index, follow, max-snippet:-1, max-image-preview:large, max-video-preview:-1\" \/>\n<link rel=\"canonical\" href=\"https:\/\/www.hotihoteis.com\/pt-pt\/em-atualizacao\/\" \/>\n<meta property=\"og:locale\" content=\"pt_PT\" \/>\n<meta property=\"og:type\" content=\"article\" \/>\n<meta property=\"og:title\" content=\"Em atualiza\u00e7\u00e3o - Hoti Hoteis\" \/>\n<meta property=\"og:description\" content=\"[vc_row css=&#8221;.vc_custom_1600186098270{padding-right: 0px !important;padding-left: 0px !important;}&#8221;][vc_column css=&#8221;.vc_custom_1600186094145{padding-right: 0px !important;padding-left: 0px !important;}&#8221;][\/vc_column][\/vc_row]\" \/>\n<meta property=\"og:url\" content=\"https:\/\/www.hotihoteis.com\/pt-pt\/em-atualizacao\/\" \/>\n<meta property=\"og:site_name\" content=\"Hoti Hoteis\" \/>\n<meta property=\"article:modified_time\" content=\"2020-12-11T14:39:31+00:00\" \/>\n<meta name=\"twitter:card\" content=\"summary_large_image\" \/>\n<script type=\"application\/ld+json\" class=\"yoast-schema-graph\">{\"@context\":\"https:\\\/\\\/schema.org\",\"@graph\":[{\"@type\":\"WebPage\",\"@id\":\"https:\\\/\\\/www.hotihoteis.com\\\/pt-pt\\\/em-atualizacao\\\/\",\"url\":\"https:\\\/\\\/www.hotihoteis.com\\\/pt-pt\\\/em-atualizacao\\\/\",\"name\":\"Em atualiza\u00e7\u00e3o - Hoti Hoteis\",\"isPartOf\":{\"@id\":\"https:\\\/\\\/www.hotihoteis.com\\\/pt-pt\\\/#website\"},\"datePublished\":\"2020-12-10T11:50:10+00:00\",\"dateModified\":\"2020-12-11T14:39:31+00:00\",\"breadcrumb\":{\"@id\":\"https:\\\/\\\/www.hotihoteis.com\\\/pt-pt\\\/em-atualizacao\\\/#breadcrumb\"},\"inLanguage\":\"pt-PT\",\"potentialAction\":[{\"@type\":\"ReadAction\",\"target\":[\"https:\\\/\\\/www.hotihoteis.com\\\/pt-pt\\\/em-atualizacao\\\/\"]}]},{\"@type\":\"BreadcrumbList\",\"@id\":\"https:\\\/\\\/www.hotihoteis.com\\\/pt-pt\\\/em-atualizacao\\\/#breadcrumb\",\"itemListElement\":[{\"@type\":\"ListItem\",\"position\":1,\"name\":\"Home\",\"item\":\"https:\\\/\\\/www.hotihoteis.com\\\/pt-pt\\\/\"},{\"@type\":\"ListItem\",\"position\":2,\"name\":\"Em atualiza\u00e7\u00e3o\"}]},{\"@type\":\"WebSite\",\"@id\":\"https:\\\/\\\/www.hotihoteis.com\\\/pt-pt\\\/#website\",\"url\":\"https:\\\/\\\/www.hotihoteis.com\\\/pt-pt\\\/\",\"name\":\"Hoti Hoteis\",\"description\":\"Just another WordPress site\",\"potentialAction\":[{\"@type\":\"SearchAction\",\"target\":{\"@type\":\"EntryPoint\",\"urlTemplate\":\"https:\\\/\\\/www.hotihoteis.com\\\/pt-pt\\\/?s={search_term_string}\"},\"query-input\":{\"@type\":\"PropertyValueSpecification\",\"valueRequired\":true,\"valueName\":\"search_term_string\"}}],\"inLanguage\":\"pt-PT\"}]}<\/script>\n<!-- \/ Yoast SEO plugin. -->","yoast_head_json":{"title":"Em atualiza\u00e7\u00e3o - Hoti Hoteis","robots":{"index":"index","follow":"follow","max-snippet":"max-snippet:-1","max-image-preview":"max-image-preview:large","max-video-preview":"max-video-preview:-1"},"canonical":"https:\/\/www.hotihoteis.com\/pt-pt\/em-atualizacao\/","og_locale":"pt_PT","og_type":"article","og_title":"Em atualiza\u00e7\u00e3o - Hoti Hoteis","og_description":"[vc_row css=&#8221;.vc_custom_1600186098270{padding-right: 0px !important;padding-left: 0px !important;}&#8221;][vc_column css=&#8221;.vc_custom_1600186094145{padding-right: 0px !important;padding-left: 0px !important;}&#8221;][\/vc_column][\/vc_row]","og_url":"https:\/\/www.hotihoteis.com\/pt-pt\/em-atualizacao\/","og_site_name":"Hoti Hoteis","article_modified_time":"2020-12-11T14:39:31+00:00","twitter_card":"summary_large_image","schema":{"@context":"https:\/\/schema.org","@graph":[{"@type":"WebPage","@id":"https:\/\/www.hotihoteis.com\/pt-pt\/em-atualizacao\/","url":"https:\/\/www.hotihoteis.com\/pt-pt\/em-atualizacao\/","name":"Em atualiza\u00e7\u00e3o - Hoti Hoteis","isPartOf":{"@id":"https:\/\/www.hotihoteis.com\/pt-pt\/#website"},"datePublished":"2020-12-10T11:50:10+00:00","dateModified":"2020-12-11T14:39:31+00:00","breadcrumb":{"@id":"https:\/\/www.hotihoteis.com\/pt-pt\/em-atualizacao\/#breadcrumb"},"inLanguage":"pt-PT","potentialAction":[{"@type":"ReadAction","target":["https:\/\/www.hotihoteis.com\/pt-pt\/em-atualizacao\/"]}]},{"@type":"BreadcrumbList","@id":"https:\/\/www.hotihoteis.com\/pt-pt\/em-atualizacao\/#breadcrumb","itemListElement":[{"@type":"ListItem","position":1,"name":"Home","item":"https:\/\/www.hotihoteis.com\/pt-pt\/"},{"@type":"ListItem","position":2,"name":"Em atualiza\u00e7\u00e3o"}]},{"@type":"WebSite","@id":"https:\/\/www.hotihoteis.com\/pt-pt\/#website","url":"https:\/\/www.hotihoteis.com\/pt-pt\/","name":"Hoti Hoteis","description":"Just another WordPress site","potentialAction":[{"@type":"SearchAction","target":{"@type":"EntryPoint","urlTemplate":"https:\/\/www.hotihoteis.com\/pt-pt\/?s={search_term_string}"},"query-input":{"@type":"PropertyValueSpecification","valueRequired":true,"valueName":"search_term_string"}}],"inLanguage":"pt-PT"}]}},"publishpress_future_workflow_manual_trigger":{"enabledWorkflows":[]},"_links":{"self":[{"href":"https:\/\/www.hotihoteis.com\/pt-pt\/wp-json\/wp\/v2\/pages\/3686","targetHints":{"allow":["GET"]}}],"collection":[{"href":"https:\/\/www.hotihoteis.com\/pt-pt\/wp-json\/wp\/v2\/pages"}],"about":[{"href":"https:\/\/www.hotihoteis.com\/pt-pt\/wp-json\/wp\/v2\/types\/page"}],"author":[{"embeddable":true,"href":"https:\/\/www.hotihoteis.com\/pt-pt\/wp-json\/wp\/v2\/users\/2"}],"replies":[{"embeddable":true,"href":"https:\/\/www.hotihoteis.com\/pt-pt\/wp-json\/wp\/v2\/comments?post=3686"}],"version-history":[{"count":1,"href":"https:\/\/www.hotihoteis.com\/pt-pt\/wp-json\/wp\/v2\/pages\/3686\/revisions"}],"predecessor-version":[{"id":3797,"href":"https:\/\/www.hotihoteis.com\/pt-pt\/wp-json\/wp\/v2\/pages\/3686\/revisions\/3797"}],"wp:attachment":[{"href":"https:\/\/www.hotihoteis.com\/pt-pt\/wp-json\/wp\/v2\/media?parent=3686"}],"curies":[{"name":"wp","href":"https:\/\/api.w.org\/{rel}","templated":true}]}}