{"id":502,"date":"2020-09-15T10:30:24","date_gmt":"2020-09-15T10:30:24","guid":{"rendered":"https:\/\/www.hotihoteis.com\/?page_id=502"},"modified":"2025-10-24T16:21:26","modified_gmt":"2025-10-24T16:21:26","slug":"home","status":"publish","type":"page","link":"https:\/\/www.hotihoteis.com\/pt-pt\/","title":{"rendered":"Home"},"content":{"rendered":"<p>[vc_row full_width=&#8221;stretch_row&#8221; el_class=&#8221;carousel-row&#8221;][vc_column css=&#8221;.vc_custom_1599152852853{padding-right: 0px !important;padding-left: 0px !important;}&#8221;]<section class='hero-slider-section'><div class='carrousel-wrapper'><ul class='owl-carousel owl-theme owl-loaded owl-drag'><li class='owl-slide d-flex align-items-center cover' style='background-image: url(https:\/\/www.hotihoteis.com\/wp-content\/uploads\/2026\/02\/Design-sem-nome-32.png)'><div class='bg-wrapper'>\r\n                        <div class='bg-list'>\r\n                            <div class='bg-item bg-top'><\/div>\r\n                            <div class='bg-item bg-right'><\/div>\r\n                            <div class='bg-item bg-bottom'><\/div>\r\n                            <div class='bg-item bg-left'><\/div>\r\n                        <\/div>\r\n                    <\/div><div class='container'><div class='row justify-content-center'><div class='col-lg-7 static'><div class='owl-slide-text'><a href='https:\/\/www.hotihoteis.com\/pt-pt\/reconhecimento-e-premiacao-do-grupo-hoti-hoteis\/' target=''><div class='text-wrapper'><h2 class='owl-slide-animated owl-slide-title'>Grupo Hoti Hoteis reconhecido e premiado<\/h2><span class='owl-slide-animated owl-slide-subtitle'>Reconhecido na confer\u00eancia Smart and Green Tourism, e o seu Fundador, Manuel Henrique Proen\u00e7a, foi distinguido com o Pr\u00e9mio Personalidades.<\/span><\/div><\/a><div class='button-wrapper'><a class='slider-button owl-slide-animated owl-slide-cta' href='https:\/\/www.hotihoteis.com\/pt-pt\/reconhecimento-e-premiacao-do-grupo-hoti-hoteis\/' target='' role='button'>Saber mais<\/a><div class='counter-wrapper'>\r\n                                            <div class='slider-counter'>\r\n                                                <span class='current'><\/span>\r\n                                                <span>\/<\/span>\r\n                                                <span class='total'><\/span>\r\n                                            <\/div>\r\n                                        <\/div><\/div><\/div><\/div><\/div><\/div><\/li><li class='owl-slide d-flex align-items-center cover' style='background-image: url(https:\/\/www.hotihoteis.com\/wp-content\/uploads\/2026\/02\/Fundo-scaled.png)'><div class='bg-wrapper'>\r\n                        <div class='bg-list'>\r\n                            <div class='bg-item bg-top'><\/div>\r\n                            <div class='bg-item bg-right'><\/div>\r\n                            <div class='bg-item bg-bottom'><\/div>\r\n                            <div class='bg-item bg-left'><\/div>\r\n                        <\/div>\r\n                    <\/div><div class='container'><div class='row justify-content-center'><div class='col-lg-7 static'><div class='owl-slide-text'><a href='https:\/\/www.hotihoteis.com\/pt-pt\/institucional\/o-grupo\/' target=''><div class='text-wrapper'><h2 class='owl-slide-animated owl-slide-title'>Conhe\u00e7a o Grupo Hoti Hoteis<\/h2><span class='owl-slide-animated owl-slide-subtitle'>Hot\u00e9is que crescem consigo<\/span><\/div><\/a><div class='button-wrapper'><a class='slider-button owl-slide-animated owl-slide-cta' href='https:\/\/www.hotihoteis.com\/pt-pt\/institucional\/o-grupo\/' target='' role='button'>Saber mais<\/a><div class='counter-wrapper'>\r\n                                            <div class='slider-counter'>\r\n                                                <span class='current'><\/span>\r\n                                                <span>\/<\/span>\r\n                                                <span class='total'><\/span>\r\n                                            <\/div>\r\n                                        <\/div><\/div><\/div><\/div><\/div><\/div><\/li><li class='owl-slide d-flex align-items-center cover' style='background-image: url(https:\/\/www.hotihoteis.com\/wp-content\/uploads\/2025\/11\/HC.ED-EQ.31.GR-\u2013-EMPREENDIMENTO-GOLDEN-RIA-1-scaled.png)'><div class='bg-wrapper'>\r\n                        <div class='bg-list'>\r\n                            <div class='bg-item bg-top'><\/div>\r\n                            <div class='bg-item bg-right'><\/div>\r\n                            <div class='bg-item bg-bottom'><\/div>\r\n                            <div class='bg-item bg-left'><\/div>\r\n                        <\/div>\r\n                    <\/div><div class='container'><div class='row justify-content-center'><div class='col-lg-7 static'><div class='owl-slide-text'><a href='https:\/\/www.hotihoteis.com\/pt-pt\/projeto-golden-ria-aveiro\/' target=''><div class='text-wrapper'><h2 class='owl-slide-animated owl-slide-title'>Golden Ria: o novo projeto da Hoti Hoteis em Aveiro<\/h2><span class='owl-slide-animated owl-slide-subtitle'>O projeto que marca a entrada do grupo no setor imobili\u00e1rio residencial e refor\u00e7a a sua estrat\u00e9gia de diversifica\u00e7\u00e3o.<\/span><\/div><\/a><div class='button-wrapper'><a class='slider-button owl-slide-animated owl-slide-cta' href='https:\/\/www.hotihoteis.com\/pt-pt\/projeto-golden-ria-aveiro\/' target='' role='button'>Saber mais<\/a><div class='counter-wrapper'>\r\n                                            <div class='slider-counter'>\r\n                                                <span class='current'><\/span>\r\n                                                <span>\/<\/span>\r\n                                                <span class='total'><\/span>\r\n                                            <\/div>\r\n                                        <\/div><\/div><\/div><\/div><\/div><\/div><\/li><li class='owl-slide d-flex align-items-center cover' style='background-image: url(https:\/\/www.hotihoteis.com\/wp-content\/uploads\/2025\/12\/11-Fachada-H-OTAS-scaled.jpg)'><div class='bg-wrapper'>\r\n                        <div class='bg-list'>\r\n                            <div class='bg-item bg-top'><\/div>\r\n                            <div class='bg-item bg-right'><\/div>\r\n                            <div class='bg-item bg-bottom'><\/div>\r\n                            <div class='bg-item bg-left'><\/div>\r\n                        <\/div>\r\n                    <\/div><div class='container'><div class='row justify-content-center'><div class='col-lg-7 static'><div class='owl-slide-text'><a href='https:\/\/www.hotihoteis.com\/pt-pt\/inauguracao-do-hotel-melia-sao-joao-da-madeira\/' target=''><div class='text-wrapper'><h2 class='owl-slide-animated owl-slide-title'>Hotel Meli\u00e1 S\u00e3o Jo\u00e3o da Madeira<\/h2><span class='owl-slide-animated owl-slide-subtitle'>\r\nO Hotel foi a mais recente abertura do Grupo Hoti Hoteis.<\/span><\/div><\/a><div class='button-wrapper'><a class='slider-button owl-slide-animated owl-slide-cta' href='https:\/\/www.hotihoteis.com\/pt-pt\/inauguracao-do-hotel-melia-sao-joao-da-madeira\/' target='' role='button'>Saber mais<\/a><div class='counter-wrapper'>\r\n                                            <div class='slider-counter'>\r\n                                                <span class='current'><\/span>\r\n                                                <span>\/<\/span>\r\n                                                <span class='total'><\/span>\r\n                                            <\/div>\r\n                                        <\/div><\/div><\/div><\/div><\/div><\/div><\/li><\/ul><\/div><\/section>[\/vc_column][\/vc_row][vc_row css=&#8221;.vc_custom_1602252137404{padding-right: 0px !important;padding-left: 0px !important;}&#8221;][vc_column css=&#8221;.vc_custom_1602252128771{padding-right: 0px !important;padding-left: 0px !important;}&#8221;]<section class='image-list-link-section container'><ul class='list row'><li class='list-item is-image-item col-3'><div class='wrap'><div class='img-bg' style='background-image: url(https:\/\/www.hotihoteis.com\/wp-content\/uploads\/2025\/10\/Design-sem-nome-20.png)'><\/div><figure class='image-wrapper' hidden><img class='image' src='https:\/\/www.hotihoteis.com\/wp-content\/uploads\/2025\/10\/Design-sem-nome-20.png' alt='Design sem nome-20'><\/figure><div class='title-wrapper'><a href='https:\/\/www.hotihoteis.com\/pt-pt\/institucional\/historico-de-hoteis\/'><h3 class='title'>HIST\u00d3RICO DE HOT\u00c9IS<\/h3><\/a><\/div><\/div><div class='hover-wrapper'><div class='text'><p>O CONHECIMENTO E EXPERI\u00caNCIA ACUMULADOS AO LONGO DE 39 ANOS DE PROMO\u00c7\u00c3O, GEST\u00c3O E COMERCIALIZA\u00c7\u00c3O HOTELEIRAS<\/p><\/div><\/div><div class='button-wrapper'><a href='https:\/\/www.hotihoteis.com\/pt-pt\/institucional\/historico-de-hoteis\/'><i class='fal fa-chevron-right'><\/i><\/a><\/div><\/li><\/li><li class='list-item is-form-item col-3'><div class='wrap'><div class='img-bg' style='background-image: url(https:\/\/www.hotihoteis.com\/wp-content\/uploads\/2025\/10\/shutterstock_2511871001-scaled.jpg)'><\/div><figure class='image-wrapper' hidden><img class='image' src='https:\/\/www.hotihoteis.com\/wp-content\/uploads\/2025\/10\/shutterstock_2511871001-scaled.jpg' alt='globe'><\/figure><div class='title-wrapper'><h3 class='title'>PORTF\u00d3LIO DE HOT\u00c9IS<\/h3><\/div><\/div><div class='hover-wrapper'><h4 class='hover-title'>Diret\u00f3rio<\/h4><span class='hover-subtitle'>Pesquise por:<\/h4><form action='https:\/\/www.hotihoteis.com\/pt-pt\/portfolio-de-hoteis\/'><fieldset><select data-location='' id='itemHotel' name='itemHotel' class='custom-select select-field'><option>MARCA<\/option><option value='golden_residence' data-location='golden_residence' name='golden_residence' >Golden Residence<\/option><option value='hotel_da_musica' data-location='hotel_da_musica' name='hotel_da_musica' >Hotel da M\u00fasica<\/option><option value='innside' data-location='innside' name='innside' >INNSiDE<\/option><option value='melia' data-location='melia' name='melia' >Meli\u00e1<\/option><option value='moxy' data-location='moxy' name='moxy' >Moxy<\/option><option value='star_inn' data-location='star_inn' name='star_inn' >Star Inn<\/option><option value='tryp' data-location='tryp' name='tryp' >Tryp<\/option><\/select><\/fieldset><fieldset><select id='itemLocation' name='itemLocation' class='custom-select select-field'><option>LOCALIZA\u00c7\u00c3O<\/option><option value='aveiro' data-location='melia' name='aveiro'>Aveiro<\/option><option value='braga' data-location='innside melia' name='braga'>Braga<\/option><option value='castelo_branco' data-location='melia' name='castelo_branco'>Castelo Branco<\/option><option value='funchal' data-location='golden_residence' name='funchal'>Funchal<\/option><option value='leiria' data-location='tryp' name='leiria'>Leiria<\/option><option value='lisboa' data-location='star_inn melia melia tryp moxy' name='lisboa'>Lisboa<\/option><option value='lisboa_caparica' data-location='tryp' name='lisboa_caparica'>Caparica<\/option><option value='madeira' data-location='melia' name='madeira'>Madeira<\/option><option value='mocambique' data-location='melia' name='mocambique'>Mo\u00e7ambique<\/option><option value='peniche' data-location='star_inn' name='peniche'>Peniche<\/option><option value='porto' data-location='hotel_da_musica star_inn tryp tryp' name='porto'>Porto<\/option><option value='sao_joao_da_madeira' data-location='melia' name='sao_joao_da_madeira'>S\u00e3o Jo\u00e3o da Madeira<\/option><option value='setubal' data-location='melia' name='setubal'>Set\u00fabal<\/option><\/select><\/fieldset><button type='submit' class='simple-button search-button'>Pesquisar<\/button><form><\/div><div class='button-wrapper'><a href='https:\/\/www.hotihoteis.com\/pt-pt\/portfolio-de-hoteis\/' title='directory'><i class='fal fa-chevron-right'><\/i><\/a><\/div><\/li><li class='list-item is-list-item col-3'><div class='wrap'><div class='img-bg' style='background-image: url(https:\/\/www.hotihoteis.com\/wp-content\/uploads\/2025\/10\/Design-sem-nome-15.png)'><\/div><div class='title-wrapper'><h3 class='title'>Not\u00edcias<\/h3><\/div><\/div><div class='hover-wrapper'><ul class='link-list'><li class='link-item'><a href='https:\/\/www.hotihoteis.com\/pt-pt\/reconhecimento-e-premiacao-do-grupo-hoti-hoteis\/'><p>O Grupo Hoti Hoteis foi reconhecido na confer\u00eancia Smart and Green Tourism, e o seu Fundador, Manuel Henrique Proen\u00e7a, foi distinguido com o Pr\u00e9mio Personalidades.<\/p><\/a><\/li><li class='link-item'><a href='https:\/\/www.hotihoteis.com\/pt-pt\/programas-de-sao-valentim\/'><p>Celebre o dia dos namorados com os nossos hot\u00e9is.<\/p><\/a><\/li><\/ul><\/div><div class='button-wrapper'><a href='https:\/\/www.hotihoteis.com\/pt-pt\/media\/noticias\/' title='directory'><i class='fal fa-chevron-right'><\/i><\/a><\/div><\/li><li class='list-item is-image-item col-3'><div class='wrap'><div class='img-bg' style='background-image: url(https:\/\/www.hotihoteis.com\/wp-content\/uploads\/2025\/10\/Design-sem-nome-19.png)'><\/div><figure class='image-wrapper' hidden><img class='image' src='https:\/\/www.hotihoteis.com\/wp-content\/uploads\/2025\/10\/Design-sem-nome-19.png' alt='Carreira'><\/figure><div class='title-wrapper'><a href='https:\/\/www.hotihoteis.com\/pt-pt\/recrutamento\/oportunidades\/'><h3 class='title'>Oportunidades de Carreira<\/h3><\/a><\/div><\/div><div class='hover-wrapper'><div class='text'><p>Consulte aqui Oportunidades de Carreira<\/p><\/div><\/div><div class='button-wrapper'><a href='https:\/\/www.hotihoteis.com\/pt-pt\/recrutamento\/oportunidades\/'><i class='fal fa-chevron-right'><\/i><\/a><\/div><\/li><\/li><\/ul><\/section><script>jQuery(function() {HotiHoteis.Page.dropdownDependecy.Init();});<\/script>[\/vc_column][\/vc_row]<\/p>\n","protected":false},"excerpt":{"rendered":"<p>[vc_row full_width=&#8221;stretch_row&#8221; el_class=&#8221;carousel-row&#8221;][vc_column css=&#8221;.vc_custom_1599152852853{padding-right: 0px !important;padding-left: 0px !important;}&#8221;][\/vc_column][\/vc_row][vc_row css=&#8221;.vc_custom_1602252137404{padding-right: 0px !important;padding-left: 0px !important;}&#8221;][vc_column css=&#8221;.vc_custom_1602252128771{padding-right: 0px !important;padding-left: 0px !important;}&#8221;][\/vc_column][\/vc_row]<\/p>\n","protected":false},"author":2,"featured_media":0,"parent":0,"menu_order":29,"comment_status":"closed","ping_status":"closed","template":"","meta":{"_acf_changed":false,"footnotes":""},"class_list":["post-502","page","type-page","status-publish","hentry"],"acf":[],"yoast_head":"<!-- This site is optimized with the Yoast SEO plugin v27.3 - https:\/\/yoast.com\/product\/yoast-seo-wordpress\/ -->\n<title>Home - Hoti Hoteis<\/title>\n<meta name=\"robots\" content=\"index, follow, max-snippet:-1, max-image-preview:large, max-video-preview:-1\" \/>\n<link rel=\"canonical\" href=\"https:\/\/www.hotihoteis.com\/pt-pt\/\" \/>\n<meta property=\"og:locale\" content=\"pt_PT\" \/>\n<meta property=\"og:type\" content=\"article\" \/>\n<meta property=\"og:title\" content=\"Home - Hoti Hoteis\" \/>\n<meta property=\"og:description\" content=\"[vc_row full_width=&#8221;stretch_row&#8221; el_class=&#8221;carousel-row&#8221;][vc_column css=&#8221;.vc_custom_1599152852853{padding-right: 0px !important;padding-left: 0px !important;}&#8221;][\/vc_column][\/vc_row][vc_row css=&#8221;.vc_custom_1602252137404{padding-right: 0px !important;padding-left: 0px !important;}&#8221;][vc_column css=&#8221;.vc_custom_1602252128771{padding-right: 0px !important;padding-left: 0px !important;}&#8221;][\/vc_column][\/vc_row]\" \/>\n<meta property=\"og:url\" content=\"https:\/\/www.hotihoteis.com\/pt-pt\/\" \/>\n<meta property=\"og:site_name\" content=\"Hoti Hoteis\" \/>\n<meta property=\"article:modified_time\" content=\"2025-10-24T16:21:26+00:00\" \/>\n<meta name=\"twitter:card\" content=\"summary_large_image\" \/>\n<meta name=\"twitter:label1\" content=\"Tempo estimado de leitura\" \/>\n\t<meta name=\"twitter:data1\" content=\"1 minuto\" \/>\n<script type=\"application\/ld+json\" class=\"yoast-schema-graph\">{\"@context\":\"https:\\\/\\\/schema.org\",\"@graph\":[{\"@type\":\"WebPage\",\"@id\":\"https:\\\/\\\/www.hotihoteis.com\\\/pt-pt\\\/\",\"url\":\"https:\\\/\\\/www.hotihoteis.com\\\/pt-pt\\\/\",\"name\":\"Home - Hoti Hoteis\",\"isPartOf\":{\"@id\":\"https:\\\/\\\/www.hotihoteis.com\\\/pt-pt\\\/#website\"},\"datePublished\":\"2020-09-15T10:30:24+00:00\",\"dateModified\":\"2025-10-24T16:21:26+00:00\",\"breadcrumb\":{\"@id\":\"https:\\\/\\\/www.hotihoteis.com\\\/pt-pt\\\/#breadcrumb\"},\"inLanguage\":\"pt-PT\",\"potentialAction\":[{\"@type\":\"ReadAction\",\"target\":[\"https:\\\/\\\/www.hotihoteis.com\\\/pt-pt\\\/\"]}]},{\"@type\":\"BreadcrumbList\",\"@id\":\"https:\\\/\\\/www.hotihoteis.com\\\/pt-pt\\\/#breadcrumb\",\"itemListElement\":[{\"@type\":\"ListItem\",\"position\":1,\"name\":\"Home\",\"item\":\"https:\\\/\\\/www.hotihoteis.com\\\/pt-pt\\\/\"},{\"@type\":\"ListItem\",\"position\":2,\"name\":\"Home\"}]},{\"@type\":\"WebSite\",\"@id\":\"https:\\\/\\\/www.hotihoteis.com\\\/pt-pt\\\/#website\",\"url\":\"https:\\\/\\\/www.hotihoteis.com\\\/pt-pt\\\/\",\"name\":\"Hoti Hoteis\",\"description\":\"Just another WordPress site\",\"potentialAction\":[{\"@type\":\"SearchAction\",\"target\":{\"@type\":\"EntryPoint\",\"urlTemplate\":\"https:\\\/\\\/www.hotihoteis.com\\\/pt-pt\\\/?s={search_term_string}\"},\"query-input\":{\"@type\":\"PropertyValueSpecification\",\"valueRequired\":true,\"valueName\":\"search_term_string\"}}],\"inLanguage\":\"pt-PT\"}]}<\/script>\n<!-- \/ Yoast SEO plugin. -->","yoast_head_json":{"title":"Home - Hoti Hoteis","robots":{"index":"index","follow":"follow","max-snippet":"max-snippet:-1","max-image-preview":"max-image-preview:large","max-video-preview":"max-video-preview:-1"},"canonical":"https:\/\/www.hotihoteis.com\/pt-pt\/","og_locale":"pt_PT","og_type":"article","og_title":"Home - Hoti Hoteis","og_description":"[vc_row full_width=&#8221;stretch_row&#8221; el_class=&#8221;carousel-row&#8221;][vc_column css=&#8221;.vc_custom_1599152852853{padding-right: 0px !important;padding-left: 0px !important;}&#8221;][\/vc_column][\/vc_row][vc_row css=&#8221;.vc_custom_1602252137404{padding-right: 0px !important;padding-left: 0px !important;}&#8221;][vc_column css=&#8221;.vc_custom_1602252128771{padding-right: 0px !important;padding-left: 0px !important;}&#8221;][\/vc_column][\/vc_row]","og_url":"https:\/\/www.hotihoteis.com\/pt-pt\/","og_site_name":"Hoti Hoteis","article_modified_time":"2025-10-24T16:21:26+00:00","twitter_card":"summary_large_image","twitter_misc":{"Tempo estimado de leitura":"1 minuto"},"schema":{"@context":"https:\/\/schema.org","@graph":[{"@type":"WebPage","@id":"https:\/\/www.hotihoteis.com\/pt-pt\/","url":"https:\/\/www.hotihoteis.com\/pt-pt\/","name":"Home - Hoti Hoteis","isPartOf":{"@id":"https:\/\/www.hotihoteis.com\/pt-pt\/#website"},"datePublished":"2020-09-15T10:30:24+00:00","dateModified":"2025-10-24T16:21:26+00:00","breadcrumb":{"@id":"https:\/\/www.hotihoteis.com\/pt-pt\/#breadcrumb"},"inLanguage":"pt-PT","potentialAction":[{"@type":"ReadAction","target":["https:\/\/www.hotihoteis.com\/pt-pt\/"]}]},{"@type":"BreadcrumbList","@id":"https:\/\/www.hotihoteis.com\/pt-pt\/#breadcrumb","itemListElement":[{"@type":"ListItem","position":1,"name":"Home","item":"https:\/\/www.hotihoteis.com\/pt-pt\/"},{"@type":"ListItem","position":2,"name":"Home"}]},{"@type":"WebSite","@id":"https:\/\/www.hotihoteis.com\/pt-pt\/#website","url":"https:\/\/www.hotihoteis.com\/pt-pt\/","name":"Hoti Hoteis","description":"Just another WordPress site","potentialAction":[{"@type":"SearchAction","target":{"@type":"EntryPoint","urlTemplate":"https:\/\/www.hotihoteis.com\/pt-pt\/?s={search_term_string}"},"query-input":{"@type":"PropertyValueSpecification","valueRequired":true,"valueName":"search_term_string"}}],"inLanguage":"pt-PT"}]}},"publishpress_future_workflow_manual_trigger":{"enabledWorkflows":[]},"_links":{"self":[{"href":"https:\/\/www.hotihoteis.com\/pt-pt\/wp-json\/wp\/v2\/pages\/502","targetHints":{"allow":["GET"]}}],"collection":[{"href":"https:\/\/www.hotihoteis.com\/pt-pt\/wp-json\/wp\/v2\/pages"}],"about":[{"href":"https:\/\/www.hotihoteis.com\/pt-pt\/wp-json\/wp\/v2\/types\/page"}],"author":[{"embeddable":true,"href":"https:\/\/www.hotihoteis.com\/pt-pt\/wp-json\/wp\/v2\/users\/2"}],"replies":[{"embeddable":true,"href":"https:\/\/www.hotihoteis.com\/pt-pt\/wp-json\/wp\/v2\/comments?post=502"}],"version-history":[{"count":10,"href":"https:\/\/www.hotihoteis.com\/pt-pt\/wp-json\/wp\/v2\/pages\/502\/revisions"}],"predecessor-version":[{"id":38161,"href":"https:\/\/www.hotihoteis.com\/pt-pt\/wp-json\/wp\/v2\/pages\/502\/revisions\/38161"}],"wp:attachment":[{"href":"https:\/\/www.hotihoteis.com\/pt-pt\/wp-json\/wp\/v2\/media?parent=502"}],"curies":[{"name":"wp","href":"https:\/\/api.w.org\/{rel}","templated":true}]}}